{"id":110,"date":"2018-07-23T12:20:44","date_gmt":"2018-07-23T12:20:44","guid":{"rendered":"https:\/\/matchthemes.com\/demowp\/dentist\/?page_id=110"},"modified":"2025-08-21T13:14:19","modified_gmt":"2025-08-21T11:14:19","slug":"contacto","status":"publish","type":"page","link":"https:\/\/dentalvina.es\/en\/contacto\/","title":{"rendered":"CONTACTO"},"content":{"rendered":"<div data-elementor-type=\"wp-post\" data-elementor-id=\"110\" class=\"elementor elementor-110\">\n\t\t\t\t\t\t<section class=\"elementor-section elementor-top-section elementor-element elementor-element-651e0ee elementor-section-boxed elementor-section-height-default elementor-section-height-default\" data-id=\"651e0ee\" data-element_type=\"section\">\n\t\t\t\t\t\t<div class=\"elementor-container elementor-column-gap-default\">\n\t\t\t\t\t<div class=\"elementor-column elementor-col-50 elementor-top-column elementor-element elementor-element-2a5e05d\" data-id=\"2a5e05d\" data-element_type=\"column\">\n\t\t\t<div class=\"elementor-widget-wrap elementor-element-populated\">\n\t\t\t\t\t\t<div class=\"elementor-element elementor-element-9bea7d0 elementor-widget elementor-widget-heading\" data-id=\"9bea7d0\" data-element_type=\"widget\" data-widget_type=\"heading.default\">\n\t\t\t\t<div class=\"elementor-widget-container\">\n\t\t\t<h4 class=\"elementor-heading-title elementor-size-default\">Contacta con nosotros<\/h4>\t\t<\/div>\n\t\t\t\t<\/div>\n\t\t\t\t<div class=\"elementor-element elementor-element-7918a4b elementor-icon-list--layout-traditional elementor-list-item-link-full_width elementor-widget elementor-widget-icon-list\" data-id=\"7918a4b\" data-element_type=\"widget\" data-widget_type=\"icon-list.default\">\n\t\t\t\t<div class=\"elementor-widget-container\">\n\t\t\t\t\t<ul class=\"elementor-icon-list-items\">\n\t\t\t\t\t\t\t<li class=\"elementor-icon-list-item\">\n\t\t\t\t\t\t\t\t\t\t\t<span class=\"elementor-icon-list-icon\">\n\t\t\t\t\t\t\t<svg aria-hidden=\"true\" class=\"e-font-icon-svg e-fas-map-marker-alt\" viewbox=\"0 0 384 512\" xmlns=\"http:\/\/www.w3.org\/2000\/svg\"><path d=\"M172.268 501.67C26.97 291.031 0 269.413 0 192 0 85.961 85.961 0 192 0s192 85.961 192 192c0 77.413-26.97 99.031-172.268 309.67-9.535 13.774-29.93 13.773-39.464 0zM192 272c44.183 0 80-35.817 80-80s-35.817-80-80-80-80 35.817-80 80 35.817 80 80 80z\"><\/path><\/svg>\t\t\t\t\t\t<\/span>\n\t\t\t\t\t\t\t\t\t\t<span class=\"elementor-icon-list-text\">C\/ Ram\u00f3n y Cajal, 10 Bajo. 46132 Alm\u00e0ssera (Valencia)<\/span>\n\t\t\t\t\t\t\t\t\t<\/li>\n\t\t\t\t\t\t\t\t<li class=\"elementor-icon-list-item\">\n\t\t\t\t\t\t\t\t\t\t\t<span class=\"elementor-icon-list-icon\">\n\t\t\t\t\t\t\t<svg aria-hidden=\"true\" class=\"e-font-icon-svg e-fas-mobile-alt\" viewbox=\"0 0 320 512\" xmlns=\"http:\/\/www.w3.org\/2000\/svg\"><path d=\"M272 0H48C21.5 0 0 21.5 0 48v416c0 26.5 21.5 48 48 48h224c26.5 0 48-21.5 48-48V48c0-26.5-21.5-48-48-48zM160 480c-17.7 0-32-14.3-32-32s14.3-32 32-32 32 14.3 32 32-14.3 32-32 32zm112-108c0 6.6-5.4 12-12 12H60c-6.6 0-12-5.4-12-12V60c0-6.6 5.4-12 12-12h200c6.6 0 12 5.4 12 12v312z\"><\/path><\/svg>\t\t\t\t\t\t<\/span>\n\t\t\t\t\t\t\t\t\t\t<span class=\"elementor-icon-list-text\"><a href=\"tel:+34960238259\">960 238 259<\/a><\/span>\n\t\t\t\t\t\t\t\t\t<\/li>\n\t\t\t\t\t\t\t\t<li class=\"elementor-icon-list-item\">\n\t\t\t\t\t\t\t\t\t\t\t<span class=\"elementor-icon-list-icon\">\n\t\t\t\t\t\t\t<svg aria-hidden=\"true\" class=\"e-font-icon-svg e-fab-whatsapp\" viewbox=\"0 0 448 512\" xmlns=\"http:\/\/www.w3.org\/2000\/svg\"><path d=\"M380.9 97.1C339 55.1 283.2 32 223.9 32c-122.4 0-222 99.6-222 222 0 39.1 10.2 77.3 29.6 111L0 480l117.7-30.9c32.4 17.7 68.9 27 106.1 27h.1c122.3 0 224.1-99.6 224.1-222 0-59.3-25.2-115-67.1-157zm-157 341.6c-33.2 0-65.7-8.9-94-25.7l-6.7-4-69.8 18.3L72 359.2l-4.4-7c-18.5-29.4-28.2-63.3-28.2-98.2 0-101.7 82.8-184.5 184.6-184.5 49.3 0 95.6 19.2 130.4 54.1 34.8 34.9 56.2 81.2 56.1 130.5 0 101.8-84.9 184.6-186.6 184.6zm101.2-138.2c-5.5-2.8-32.8-16.2-37.9-18-5.1-1.9-8.8-2.8-12.5 2.8-3.7 5.6-14.3 18-17.6 21.8-3.2 3.7-6.5 4.2-12 1.4-32.6-16.3-54-29.1-75.5-66-5.7-9.8 5.7-9.1 16.3-30.3 1.8-3.7.9-6.9-.5-9.7-1.4-2.8-12.5-30.1-17.1-41.2-4.5-10.8-9.1-9.3-12.5-9.5-3.2-.2-6.9-.2-10.6-.2-3.7 0-9.7 1.4-14.8 6.9-5.1 5.6-19.4 19-19.4 46.3 0 27.3 19.9 53.7 22.6 57.4 2.8 3.7 39.1 59.7 94.8 83.8 35.2 15.2 49 16.5 66.6 13.9 10.7-1.6 32.8-13.4 37.4-26.4 4.6-13 4.6-24.1 3.2-26.4-1.3-2.5-5-3.9-10.5-6.6z\"><\/path><\/svg>\t\t\t\t\t\t<\/span>\n\t\t\t\t\t\t\t\t\t\t<span class=\"elementor-icon-list-text\"><a href=\"https:\/\/wa.me\/+34615218989\">615 218 989<\/a><\/span>\n\t\t\t\t\t\t\t\t\t<\/li>\n\t\t\t\t\t\t\t\t<li class=\"elementor-icon-list-item\">\n\t\t\t\t\t\t\t\t\t\t\t<span class=\"elementor-icon-list-icon\">\n\t\t\t\t\t\t\t<svg aria-hidden=\"true\" class=\"e-font-icon-svg e-far-envelope\" viewbox=\"0 0 512 512\" xmlns=\"http:\/\/www.w3.org\/2000\/svg\"><path d=\"M464 64H48C21.49 64 0 85.49 0 112v288c0 26.51 21.49 48 48 48h416c26.51 0 48-21.49 48-48V112c0-26.51-21.49-48-48-48zm0 48v40.805c-22.422 18.259-58.168 46.651-134.587 106.49-16.841 13.247-50.201 45.072-73.413 44.701-23.208.375-56.579-31.459-73.413-44.701C106.18 199.465 70.425 171.067 48 152.805V112h416zM48 400V214.398c22.914 18.251 55.409 43.862 104.938 82.646 21.857 17.205 60.134 55.186 103.062 54.955 42.717.231 80.509-37.199 103.053-54.947 49.528-38.783 82.032-64.401 104.947-82.653V400H48z\"><\/path><\/svg>\t\t\t\t\t\t<\/span>\n\t\t\t\t\t\t\t\t\t\t<span class=\"elementor-icon-list-text\"><a href=\"mailto:clinica@dentalvina.es\">clinica@dentalvina.es<\/a><\/span>\n\t\t\t\t\t\t\t\t\t<\/li>\n\t\t\t\t\t\t<\/ul>\n\t\t\t\t<\/div>\n\t\t\t\t<\/div>\n\t\t\t\t<div class=\"elementor-element elementor-element-a3f4e56 elementor-widget elementor-widget-heading\" data-id=\"a3f4e56\" data-element_type=\"widget\" data-widget_type=\"heading.default\">\n\t\t\t\t<div class=\"elementor-widget-container\">\n\t\t\t<h4 class=\"elementor-heading-title elementor-size-default\">Horario de atenci\u00f3n<\/h4>\t\t<\/div>\n\t\t\t\t<\/div>\n\t\t\t\t<div class=\"elementor-element elementor-element-c1489bc elementor-widget elementor-widget-text-editor\" data-id=\"c1489bc\" data-element_type=\"widget\" data-widget_type=\"text-editor.default\">\n\t\t\t\t<div class=\"elementor-widget-container\">\n\t\t\t\t\t\t\t<p>Nuestra cl\u00ednica est\u00e1 abierta de <strong>lunes <\/strong>a <strong>viernes.<\/strong><\/p><p><strong>Ma\u00f1anas:<\/strong>\u00a0\u00a09:00h \u2013 14:00h<br \/><strong>Tardes:<\/strong>\u00a0 \u00a0 \u00a0\u00a016:00h \u2013 20:00h<\/p>\t\t\t\t\t\t<\/div>\n\t\t\t\t<\/div>\n\t\t\t\t<div class=\"elementor-element elementor-element-30cdd3a e-grid-align-left elementor-shape-rounded elementor-grid-0 elementor-widget elementor-widget-social-icons\" data-id=\"30cdd3a\" data-element_type=\"widget\" data-widget_type=\"social-icons.default\">\n\t\t\t\t<div class=\"elementor-widget-container\">\n\t\t\t\t\t<div class=\"elementor-social-icons-wrapper elementor-grid\">\n\t\t\t\t\t\t\t<span class=\"elementor-grid-item\">\n\t\t\t\t\t<a class=\"elementor-icon elementor-social-icon elementor-social-icon-instagram elementor-repeater-item-7b62d32\" href=\"https:\/\/www.instagram.com\/clinicadentalvina\/\" target=\"_blank\" rel=\"nofollow\">\n\t\t\t\t\t\t<span class=\"elementor-screen-only\">Instagram<\/span>\n\t\t\t\t\t\t<svg class=\"e-font-icon-svg e-fab-instagram\" viewbox=\"0 0 448 512\" xmlns=\"http:\/\/www.w3.org\/2000\/svg\"><path d=\"M224.1 141c-63.6 0-114.9 51.3-114.9 114.9s51.3 114.9 114.9 114.9S339 319.5 339 255.9 287.7 141 224.1 141zm0 189.6c-41.1 0-74.7-33.5-74.7-74.7s33.5-74.7 74.7-74.7 74.7 33.5 74.7 74.7-33.6 74.7-74.7 74.7zm146.4-194.3c0 14.9-12 26.8-26.8 26.8-14.9 0-26.8-12-26.8-26.8s12-26.8 26.8-26.8 26.8 12 26.8 26.8zm76.1 27.2c-1.7-35.9-9.9-67.7-36.2-93.9-26.2-26.2-58-34.4-93.9-36.2-37-2.1-147.9-2.1-184.9 0-35.8 1.7-67.6 9.9-93.9 36.1s-34.4 58-36.2 93.9c-2.1 37-2.1 147.9 0 184.9 1.7 35.9 9.9 67.7 36.2 93.9s58 34.4 93.9 36.2c37 2.1 147.9 2.1 184.9 0 35.9-1.7 67.7-9.9 93.9-36.2 26.2-26.2 34.4-58 36.2-93.9 2.1-37 2.1-147.8 0-184.8zM398.8 388c-7.8 19.6-22.9 34.7-42.6 42.6-29.5 11.7-99.5 9-132.1 9s-102.7 2.6-132.1-9c-19.6-7.8-34.7-22.9-42.6-42.6-11.7-29.5-9-99.5-9-132.1s-2.6-102.7 9-132.1c7.8-19.6 22.9-34.7 42.6-42.6 29.5-11.7 99.5-9 132.1-9s102.7-2.6 132.1 9c19.6 7.8 34.7 22.9 42.6 42.6 11.7 29.5 9 99.5 9 132.1s2.7 102.7-9 132.1z\"><\/path><\/svg>\t\t\t\t\t<\/a>\n\t\t\t\t<\/span>\n\t\t\t\t\t<\/div>\n\t\t\t\t<\/div>\n\t\t\t\t<\/div>\n\t\t\t\t\t<\/div>\n\t\t<\/div>\n\t\t\t\t<div class=\"elementor-column elementor-col-50 elementor-top-column elementor-element elementor-element-805e792\" data-id=\"805e792\" data-element_type=\"column\">\n\t\t\t<div class=\"elementor-widget-wrap elementor-element-populated\">\n\t\t\t\t\t\t<div class=\"elementor-element elementor-element-ec40e19 elementor-widget elementor-widget-image\" data-id=\"ec40e19\" data-element_type=\"widget\" data-widget_type=\"image.default\">\n\t\t\t\t<div class=\"elementor-widget-container\">\n\t\t\t\t\t\t\t\t\t\t\t\t\t<img fetchpriority=\"high\" decoding=\"async\" width=\"887\" height=\"1024\" src=\"https:\/\/dentalvina.es\/wp-content\/uploads\/2025\/02\/contacto-dental-vina-887x1024.jpg\" class=\"attachment-large size-large wp-image-2746\" alt=\"\" srcset=\"https:\/\/dentalvina.es\/wp-content\/uploads\/2025\/02\/contacto-dental-vina-887x1024.jpg 887w, https:\/\/dentalvina.es\/wp-content\/uploads\/2025\/02\/contacto-dental-vina-260x300.jpg 260w, https:\/\/dentalvina.es\/wp-content\/uploads\/2025\/02\/contacto-dental-vina-768x887.jpg 768w, https:\/\/dentalvina.es\/wp-content\/uploads\/2025\/02\/contacto-dental-vina.jpg 900w\" sizes=\"(max-width: 887px) 100vw, 887px\" \/>\t\t\t\t\t\t\t\t\t\t\t\t\t<\/div>\n\t\t\t\t<\/div>\n\t\t\t\t\t<\/div>\n\t\t<\/div>\n\t\t\t\t\t<\/div>\n\t\t<\/section>\n\t\t\t\t<section class=\"elementor-section elementor-top-section elementor-element elementor-element-0ed637b elementor-section-boxed elementor-section-height-default elementor-section-height-default\" data-id=\"0ed637b\" data-element_type=\"section\">\n\t\t\t\t\t\t<div class=\"elementor-container elementor-column-gap-default\">\n\t\t\t\t\t<div class=\"elementor-column elementor-col-100 elementor-top-column elementor-element elementor-element-db57c65\" data-id=\"db57c65\" data-element_type=\"column\">\n\t\t\t<div class=\"elementor-widget-wrap elementor-element-populated\">\n\t\t\t\t\t\t<div class=\"elementor-element elementor-element-e802138 elementor-widget elementor-widget-google_maps\" data-id=\"e802138\" data-element_type=\"widget\" data-widget_type=\"google_maps.default\">\n\t\t\t\t<div class=\"elementor-widget-container\">\n\t\t\t\t\t<div class=\"elementor-custom-embed\">\n\t\t\t<iframe loading=\"lazy\"\n\t\t\t\t\tsrc=\"https:\/\/maps.google.com\/maps?q=Dental%20Vi%C3%B1a.%20C.%20Ram%C3%B3n%20y%20Cajal%2C%2010%20Alm%C3%A1cera&#038;t=m&#038;z=18&#038;output=embed&#038;iwloc=near\"\n\t\t\t\t\ttitle=\"Dental Vi\u00f1a. C. Ram\u00f3n y Cajal, 10 Alm\u00e1cera\"\n\t\t\t\t\taria-label=\"Dental Vi\u00f1a. C. Ram\u00f3n y Cajal, 10 Alm\u00e1cera\"\n\t\t\t><\/iframe>\n\t\t<\/div>\n\t\t\t\t<\/div>\n\t\t\t\t<\/div>\n\t\t\t\t\t<\/div>\n\t\t<\/div>\n\t\t\t\t\t<\/div>\n\t\t<\/section>\n\t\t\t\t<section class=\"elementor-section elementor-top-section elementor-element elementor-element-51d0679 elementor-section-full_width elementor-section-height-default elementor-section-height-default\" data-id=\"51d0679\" data-element_type=\"section\" data-settings=\"{&quot;background_background&quot;:&quot;classic&quot;}\">\n\t\t\t\t\t\t\t<div class=\"elementor-background-overlay\"><\/div>\n\t\t\t\t\t\t\t<div class=\"elementor-container elementor-column-gap-default\">\n\t\t\t\t\t<div class=\"elementor-column elementor-col-100 elementor-top-column elementor-element elementor-element-8840050\" data-id=\"8840050\" data-element_type=\"column\">\n\t\t\t<div class=\"elementor-widget-wrap elementor-element-populated\">\n\t\t\t\t\t\t<section class=\"elementor-section elementor-inner-section elementor-element elementor-element-e8936e6 elementor-section-boxed elementor-section-height-default elementor-section-height-default\" data-id=\"e8936e6\" data-element_type=\"section\">\n\t\t\t\t\t\t<div class=\"elementor-container elementor-column-gap-default\">\n\t\t\t\t\t<div class=\"elementor-column elementor-col-100 elementor-inner-column elementor-element elementor-element-a54c118\" data-id=\"a54c118\" data-element_type=\"column\">\n\t\t\t<div class=\"elementor-widget-wrap elementor-element-populated\">\n\t\t\t\t\t\t<div class=\"elementor-element elementor-element-6cae3a4 elementor-widget elementor-widget-heading\" data-id=\"6cae3a4\" data-element_type=\"widget\" data-widget_type=\"heading.default\">\n\t\t\t\t<div class=\"elementor-widget-container\">\n\t\t\t<h2 class=\"elementor-heading-title elementor-size-default\">PIDE TU CITA<\/h2>\t\t<\/div>\n\t\t\t\t<\/div>\n\t\t\t\t<div class=\"elementor-element elementor-element-68ac694 elementor-widget elementor-widget-heading\" data-id=\"68ac694\" data-element_type=\"widget\" data-widget_type=\"heading.default\">\n\t\t\t\t<div class=\"elementor-widget-container\">\n\t\t\t<div class=\"elementor-heading-title elementor-size-default\"><h3 style=\"font-size: 24px\">DENTAL <b>VI\u00d1A<\/b> tu cl\u00ednica dental de confianza en Alm\u00e0ssera<\/h3><\/div>\t\t<\/div>\n\t\t\t\t<\/div>\n\t\t\t\t<div class=\"elementor-element elementor-element-f4021fe elementor-widget elementor-widget-text-editor\" data-id=\"f4021fe\" data-element_type=\"widget\" data-widget_type=\"text-editor.default\">\n\t\t\t\t<div class=\"elementor-widget-container\">\n\t\t\t\t\t\t\t<a class=\"white-btn\" href=\"tel:+34960238259\">LLAMAR 960 238 259<\/a>\t\t\t\t\t\t<\/div>\n\t\t\t\t<\/div>\n\t\t\t\t<div class=\"elementor-element elementor-element-5bf0a18 elementor-widget elementor-widget-text-editor\" data-id=\"5bf0a18\" data-element_type=\"widget\" data-widget_type=\"text-editor.default\">\n\t\t\t\t<div class=\"elementor-widget-container\">\n\t\t\t\t\t\t\t<p><a class=\"white-btn\" href=\"https:\/\/wa.me\/+34615218989\">WHATSAPP<\/a><\/p>\t\t\t\t\t\t<\/div>\n\t\t\t\t<\/div>\n\t\t\t\t\t<\/div>\n\t\t<\/div>\n\t\t\t\t\t<\/div>\n\t\t<\/section>\n\t\t\t\t\t<\/div>\n\t\t<\/div>\n\t\t\t\t\t<\/div>\n\t\t<\/section>\n\t\t\t\t<\/div>","protected":false},"excerpt":{"rendered":"<p>Contacta con nosotros C\/ Ram\u00f3n y Cajal, 10 Bajo. 46132 Alm\u00e0ssera (Valencia) 960 238 259 615 218 989 clinica@dentalvina.es Horario de atenci\u00f3n Nuestra cl\u00ednica est\u00e1 abierta de lunes a viernes. Ma\u00f1anas:\u00a0\u00a09:00h \u2013 14:00hTardes:\u00a0 \u00a0 \u00a0\u00a016:00h \u2013 20:00h Instagram PIDE TU CITA DENTAL VI\u00d1A tu cl\u00ednica dental de confianza en Alm\u00e0ssera LLAMAR 960 238 259 WHATSAPP<\/p>","protected":false},"author":1,"featured_media":845,"parent":0,"menu_order":0,"comment_status":"closed","ping_status":"closed","template":"my-templates\/template-fullscreen.php","meta":{"_acf_changed":false,"footnotes":""},"class_list":["post-110","page","type-page","status-publish","has-post-thumbnail","hentry"],"acf":[],"yoast_head":"<!-- This site is optimized with the Yoast SEO plugin v24.4 - https:\/\/yoast.com\/wordpress\/plugins\/seo\/ -->\n<title>CONTACTO - Cl\u00ednica Dental Vi\u00f1a<\/title>\n<meta name=\"robots\" content=\"noindex, follow, max-snippet:-1, max-image-preview:large, max-video-preview:-1\" \/>\n<meta property=\"og:locale\" content=\"en_GB\" \/>\n<meta property=\"og:type\" content=\"article\" \/>\n<meta property=\"og:title\" content=\"CONTACTO - Cl\u00ednica Dental Vi\u00f1a\" \/>\n<meta property=\"og:description\" content=\"Contacta con nosotros C\/ Ram\u00f3n y Cajal, 10 Bajo. 46132 Alm\u00e0ssera (Valencia) 960 238 259 615 218 989 clinica@dentalvina.es Horario de atenci\u00f3n Nuestra cl\u00ednica est\u00e1 abierta de lunes a viernes. Ma\u00f1anas:\u00a0\u00a09:00h \u2013 14:00hTardes:\u00a0 \u00a0 \u00a0\u00a016:00h \u2013 20:00h Instagram PIDE TU CITA DENTAL VI\u00d1A tu cl\u00ednica dental de confianza en Alm\u00e0ssera LLAMAR 960 238 259 WHATSAPP\" \/>\n<meta property=\"og:url\" content=\"https:\/\/dentalvina.es\/en\/contacto\/\" \/>\n<meta property=\"og:site_name\" content=\"Cl\u00ednica Dental Vi\u00f1a\" \/>\n<meta property=\"article:modified_time\" content=\"2025-08-21T11:14:19+00:00\" \/>\n<meta property=\"og:image\" content=\"https:\/\/dentalvina.es\/wp-content\/uploads\/2024\/12\/fondo-dental-vina-almassera-3.jpg\" \/>\n\t<meta property=\"og:image:width\" content=\"1920\" \/>\n\t<meta property=\"og:image:height\" content=\"700\" \/>\n\t<meta property=\"og:image:type\" content=\"image\/jpeg\" \/>\n<meta name=\"twitter:card\" content=\"summary_large_image\" \/>\n<meta name=\"twitter:label1\" content=\"Estimated reading time\" \/>\n\t<meta name=\"twitter:data1\" content=\"1 minute\" \/>\n<script type=\"application\/ld+json\" class=\"yoast-schema-graph\">{\"@context\":\"https:\/\/schema.org\",\"@graph\":[{\"@type\":\"WebPage\",\"@id\":\"https:\/\/dentalvina.es\/contacto\/\",\"url\":\"https:\/\/dentalvina.es\/contacto\/\",\"name\":\"CONTACTO - Cl\u00ednica Dental Vi\u00f1a\",\"isPartOf\":{\"@id\":\"https:\/\/dentalvina.es\/#website\"},\"primaryImageOfPage\":{\"@id\":\"https:\/\/dentalvina.es\/contacto\/#primaryimage\"},\"image\":{\"@id\":\"https:\/\/dentalvina.es\/contacto\/#primaryimage\"},\"thumbnailUrl\":\"https:\/\/dentalvina.es\/wp-content\/uploads\/2024\/12\/fondo-dental-vina-almassera-3.jpg\",\"datePublished\":\"2018-07-23T12:20:44+00:00\",\"dateModified\":\"2025-08-21T11:14:19+00:00\",\"breadcrumb\":{\"@id\":\"https:\/\/dentalvina.es\/contacto\/#breadcrumb\"},\"inLanguage\":\"en-GB\",\"potentialAction\":[{\"@type\":\"ReadAction\",\"target\":[\"https:\/\/dentalvina.es\/contacto\/\"]}]},{\"@type\":\"ImageObject\",\"inLanguage\":\"en-GB\",\"@id\":\"https:\/\/dentalvina.es\/contacto\/#primaryimage\",\"url\":\"https:\/\/dentalvina.es\/wp-content\/uploads\/2024\/12\/fondo-dental-vina-almassera-3.jpg\",\"contentUrl\":\"https:\/\/dentalvina.es\/wp-content\/uploads\/2024\/12\/fondo-dental-vina-almassera-3.jpg\",\"width\":1920,\"height\":700},{\"@type\":\"BreadcrumbList\",\"@id\":\"https:\/\/dentalvina.es\/contacto\/#breadcrumb\",\"itemListElement\":[{\"@type\":\"ListItem\",\"position\":1,\"name\":\"Portada\",\"item\":\"https:\/\/dentalvina.es\/\"},{\"@type\":\"ListItem\",\"position\":2,\"name\":\"CONTACTO\"}]},{\"@type\":\"WebSite\",\"@id\":\"https:\/\/dentalvina.es\/#website\",\"url\":\"https:\/\/dentalvina.es\/\",\"name\":\"Cl\u00ednica Dental Vi\u00f1a\",\"description\":\"Dentista en Alm\u00e0ssera\",\"publisher\":{\"@id\":\"https:\/\/dentalvina.es\/#organization\"},\"potentialAction\":[{\"@type\":\"SearchAction\",\"target\":{\"@type\":\"EntryPoint\",\"urlTemplate\":\"https:\/\/dentalvina.es\/?s={search_term_string}\"},\"query-input\":{\"@type\":\"PropertyValueSpecification\",\"valueRequired\":true,\"valueName\":\"search_term_string\"}}],\"inLanguage\":\"en-GB\"},{\"@type\":\"Organization\",\"@id\":\"https:\/\/dentalvina.es\/#organization\",\"name\":\"Cl\u00ednica Dental Vi\u00f1a\",\"url\":\"https:\/\/dentalvina.es\/\",\"logo\":{\"@type\":\"ImageObject\",\"inLanguage\":\"en-GB\",\"@id\":\"https:\/\/dentalvina.es\/#\/schema\/logo\/image\/\",\"url\":\"https:\/\/dentalvina.es\/wp-content\/uploads\/2025\/01\/logo-dental-vina-250x124-1.jpg\",\"contentUrl\":\"https:\/\/dentalvina.es\/wp-content\/uploads\/2025\/01\/logo-dental-vina-250x124-1.jpg\",\"width\":250,\"height\":124,\"caption\":\"Cl\u00ednica Dental Vi\u00f1a\"},\"image\":{\"@id\":\"https:\/\/dentalvina.es\/#\/schema\/logo\/image\/\"},\"sameAs\":[\"https:\/\/www.instagram.com\/clinicadentalvina\/\"]}]}<\/script>\n<!-- \/ Yoast SEO plugin. -->","yoast_head_json":{"title":"CONTACTO - Cl\u00ednica Dental Vi\u00f1a","robots":{"index":"noindex","follow":"follow","max-snippet":"max-snippet:-1","max-image-preview":"max-image-preview:large","max-video-preview":"max-video-preview:-1"},"og_locale":"en_GB","og_type":"article","og_title":"CONTACTO - Cl\u00ednica Dental Vi\u00f1a","og_description":"Contacta con nosotros C\/ Ram\u00f3n y Cajal, 10 Bajo. 46132 Alm\u00e0ssera (Valencia) 960 238 259 615 218 989 clinica@dentalvina.es Horario de atenci\u00f3n Nuestra cl\u00ednica est\u00e1 abierta de lunes a viernes. Ma\u00f1anas:\u00a0\u00a09:00h \u2013 14:00hTardes:\u00a0 \u00a0 \u00a0\u00a016:00h \u2013 20:00h Instagram PIDE TU CITA DENTAL VI\u00d1A tu cl\u00ednica dental de confianza en Alm\u00e0ssera LLAMAR 960 238 259 WHATSAPP","og_url":"https:\/\/dentalvina.es\/en\/contacto\/","og_site_name":"Cl\u00ednica Dental Vi\u00f1a","article_modified_time":"2025-08-21T11:14:19+00:00","og_image":[{"width":1920,"height":700,"url":"https:\/\/dentalvina.es\/wp-content\/uploads\/2024\/12\/fondo-dental-vina-almassera-3.jpg","type":"image\/jpeg"}],"twitter_card":"summary_large_image","twitter_misc":{"Estimated reading time":"1 minute"},"schema":{"@context":"https:\/\/schema.org","@graph":[{"@type":"WebPage","@id":"https:\/\/dentalvina.es\/contacto\/","url":"https:\/\/dentalvina.es\/contacto\/","name":"CONTACTO - Cl\u00ednica Dental Vi\u00f1a","isPartOf":{"@id":"https:\/\/dentalvina.es\/#website"},"primaryImageOfPage":{"@id":"https:\/\/dentalvina.es\/contacto\/#primaryimage"},"image":{"@id":"https:\/\/dentalvina.es\/contacto\/#primaryimage"},"thumbnailUrl":"https:\/\/dentalvina.es\/wp-content\/uploads\/2024\/12\/fondo-dental-vina-almassera-3.jpg","datePublished":"2018-07-23T12:20:44+00:00","dateModified":"2025-08-21T11:14:19+00:00","breadcrumb":{"@id":"https:\/\/dentalvina.es\/contacto\/#breadcrumb"},"inLanguage":"en-GB","potentialAction":[{"@type":"ReadAction","target":["https:\/\/dentalvina.es\/contacto\/"]}]},{"@type":"ImageObject","inLanguage":"en-GB","@id":"https:\/\/dentalvina.es\/contacto\/#primaryimage","url":"https:\/\/dentalvina.es\/wp-content\/uploads\/2024\/12\/fondo-dental-vina-almassera-3.jpg","contentUrl":"https:\/\/dentalvina.es\/wp-content\/uploads\/2024\/12\/fondo-dental-vina-almassera-3.jpg","width":1920,"height":700},{"@type":"BreadcrumbList","@id":"https:\/\/dentalvina.es\/contacto\/#breadcrumb","itemListElement":[{"@type":"ListItem","position":1,"name":"Portada","item":"https:\/\/dentalvina.es\/"},{"@type":"ListItem","position":2,"name":"CONTACTO"}]},{"@type":"WebSite","@id":"https:\/\/dentalvina.es\/#website","url":"https:\/\/dentalvina.es\/","name":"Cl\u00ednica Dental Vi\u00f1a","description":"Dentista en Alm\u00e0ssera","publisher":{"@id":"https:\/\/dentalvina.es\/#organization"},"potentialAction":[{"@type":"SearchAction","target":{"@type":"EntryPoint","urlTemplate":"https:\/\/dentalvina.es\/?s={search_term_string}"},"query-input":{"@type":"PropertyValueSpecification","valueRequired":true,"valueName":"search_term_string"}}],"inLanguage":"en-GB"},{"@type":"Organization","@id":"https:\/\/dentalvina.es\/#organization","name":"Cl\u00ednica Dental Vi\u00f1a","url":"https:\/\/dentalvina.es\/","logo":{"@type":"ImageObject","inLanguage":"en-GB","@id":"https:\/\/dentalvina.es\/#\/schema\/logo\/image\/","url":"https:\/\/dentalvina.es\/wp-content\/uploads\/2025\/01\/logo-dental-vina-250x124-1.jpg","contentUrl":"https:\/\/dentalvina.es\/wp-content\/uploads\/2025\/01\/logo-dental-vina-250x124-1.jpg","width":250,"height":124,"caption":"Cl\u00ednica Dental Vi\u00f1a"},"image":{"@id":"https:\/\/dentalvina.es\/#\/schema\/logo\/image\/"},"sameAs":["https:\/\/www.instagram.com\/clinicadentalvina\/"]}]}},"_links":{"self":[{"href":"https:\/\/dentalvina.es\/en\/wp-json\/wp\/v2\/pages\/110","targetHints":{"allow":["GET"]}}],"collection":[{"href":"https:\/\/dentalvina.es\/en\/wp-json\/wp\/v2\/pages"}],"about":[{"href":"https:\/\/dentalvina.es\/en\/wp-json\/wp\/v2\/types\/page"}],"author":[{"embeddable":true,"href":"https:\/\/dentalvina.es\/en\/wp-json\/wp\/v2\/users\/1"}],"replies":[{"embeddable":true,"href":"https:\/\/dentalvina.es\/en\/wp-json\/wp\/v2\/comments?post=110"}],"version-history":[{"count":95,"href":"https:\/\/dentalvina.es\/en\/wp-json\/wp\/v2\/pages\/110\/revisions"}],"predecessor-version":[{"id":2987,"href":"https:\/\/dentalvina.es\/en\/wp-json\/wp\/v2\/pages\/110\/revisions\/2987"}],"wp:featuredmedia":[{"embeddable":true,"href":"https:\/\/dentalvina.es\/en\/wp-json\/wp\/v2\/media\/845"}],"wp:attachment":[{"href":"https:\/\/dentalvina.es\/en\/wp-json\/wp\/v2\/media?parent=110"}],"curies":[{"name":"wp","href":"https:\/\/api.w.org\/{rel}","templated":true}]}}