{"id":1177,"date":"2024-12-16T10:33:22","date_gmt":"2024-12-16T09:33:22","guid":{"rendered":"https:\/\/dentalvinaweb.grupoicsolutions.com\/?page_id=1177"},"modified":"2025-08-22T10:33:24","modified_gmt":"2025-08-22T08:33:24","slug":"endodoncia","status":"publish","type":"page","link":"https:\/\/dentalvina.es\/en\/endodoncia\/","title":{"rendered":"ENDODONCIA"},"content":{"rendered":"<div data-elementor-type=\"wp-post\" data-elementor-id=\"1177\" class=\"elementor elementor-1177\">\n\t\t\t\t\t\t<section class=\"elementor-section elementor-top-section elementor-element elementor-element-17448d5 elementor-section-boxed elementor-section-height-default elementor-section-height-default\" data-id=\"17448d5\" data-element_type=\"section\">\n\t\t\t\t\t\t<div class=\"elementor-container elementor-column-gap-default\">\n\t\t\t\t\t<div class=\"elementor-column elementor-col-50 elementor-top-column elementor-element elementor-element-079517d\" data-id=\"079517d\" data-element_type=\"column\">\n\t\t\t<div class=\"elementor-widget-wrap elementor-element-populated\">\n\t\t\t\t\t\t<div class=\"elementor-element elementor-element-2c60671 elementor-widget elementor-widget-image\" data-id=\"2c60671\" data-element_type=\"widget\" data-widget_type=\"image.default\">\n\t\t\t\t<div class=\"elementor-widget-container\">\n\t\t\t\t\t\t\t\t\t\t\t\t\t<img fetchpriority=\"high\" decoding=\"async\" width=\"1000\" height=\"563\" src=\"https:\/\/dentalvina.es\/wp-content\/uploads\/2025\/01\/05-endodoncia.jpg\" class=\"attachment-large size-large wp-image-1985\" alt=\"\" srcset=\"https:\/\/dentalvina.es\/wp-content\/uploads\/2025\/01\/05-endodoncia.jpg 1000w, https:\/\/dentalvina.es\/wp-content\/uploads\/2025\/01\/05-endodoncia-300x169.jpg 300w, https:\/\/dentalvina.es\/wp-content\/uploads\/2025\/01\/05-endodoncia-768x432.jpg 768w\" sizes=\"(max-width: 1000px) 100vw, 1000px\" \/>\t\t\t\t\t\t\t\t\t\t\t\t\t<\/div>\n\t\t\t\t<\/div>\n\t\t\t\t\t<\/div>\n\t\t<\/div>\n\t\t\t\t<div class=\"elementor-column elementor-col-50 elementor-top-column elementor-element elementor-element-b5f17f7\" data-id=\"b5f17f7\" data-element_type=\"column\">\n\t\t\t<div class=\"elementor-widget-wrap elementor-element-populated\">\n\t\t\t\t\t\t<div class=\"elementor-element elementor-element-3a6beed elementor-widget__width-initial elementor-widget elementor-widget-text-editor\" data-id=\"3a6beed\" data-element_type=\"widget\" data-widget_type=\"text-editor.default\">\n\t\t\t\t<div class=\"elementor-widget-container\">\n\t\t\t\t\t\t\t<p>La endodoncia es un tratamiento odontol\u00f3gico mediante el cual se extirpa la pulpa o nervio del diente. La endodoncia se realiza porque la pulpa est\u00e1 infectada y en la mayor\u00eda de los casos el motivo de esa infecci\u00f3n es por una caries que ha llegado hasta el nervio. A la infecci\u00f3n de la pulpa (nervio) se le denomina pulpitis. No siempre produce dolor, pero en el caso de que no lo produzca, la endodoncia es igualmente necesaria, ya que si esta infecci\u00f3n avanza, puede provocar cuadros m\u00e1s complejos.<\/p><p>Una vez realizada la endodoncia, habr\u00e1 que reconstruir el diente, ya que \u00e9ste tiene una caries que suele ser grande. Para ello existen distintas formas entre las que se encuentran la reconstrucci\u00f3n o \u00abempaste\u00bb y la corona o \u00abfunda\u00bb.<\/p>\t\t\t\t\t\t<\/div>\n\t\t\t\t<\/div>\n\t\t\t\t\t<\/div>\n\t\t<\/div>\n\t\t\t\t\t<\/div>\n\t\t<\/section>\n\t\t\t\t<section class=\"elementor-section elementor-top-section elementor-element elementor-element-e4ea195 elementor-section-boxed elementor-section-height-default elementor-section-height-default\" data-id=\"e4ea195\" data-element_type=\"section\">\n\t\t\t\t\t\t<div class=\"elementor-container elementor-column-gap-default\">\n\t\t\t\t\t<div class=\"elementor-column elementor-col-100 elementor-top-column elementor-element elementor-element-f62cca4\" data-id=\"f62cca4\" data-element_type=\"column\">\n\t\t\t<div class=\"elementor-widget-wrap elementor-element-populated\">\n\t\t\t\t\t\t<div class=\"elementor-element elementor-element-549bd7c elementor-widget elementor-widget-image\" data-id=\"549bd7c\" data-element_type=\"widget\" data-widget_type=\"image.default\">\n\t\t\t\t<div class=\"elementor-widget-container\">\n\t\t\t\t\t\t\t\t\t\t\t\t\t<img decoding=\"async\" width=\"1000\" height=\"563\" src=\"https:\/\/dentalvina.es\/wp-content\/uploads\/2025\/01\/05-endodoncia-2.jpg\" class=\"attachment-large size-large wp-image-2073\" alt=\"\" srcset=\"https:\/\/dentalvina.es\/wp-content\/uploads\/2025\/01\/05-endodoncia-2.jpg 1000w, https:\/\/dentalvina.es\/wp-content\/uploads\/2025\/01\/05-endodoncia-2-300x169.jpg 300w, https:\/\/dentalvina.es\/wp-content\/uploads\/2025\/01\/05-endodoncia-2-768x432.jpg 768w\" sizes=\"(max-width: 1000px) 100vw, 1000px\" \/>\t\t\t\t\t\t\t\t\t\t\t\t\t<\/div>\n\t\t\t\t<\/div>\n\t\t\t\t\t<\/div>\n\t\t<\/div>\n\t\t\t\t\t<\/div>\n\t\t<\/section>\n\t\t\t\t<section class=\"elementor-section elementor-top-section elementor-element elementor-element-c0b0ae4 elementor-section-full_width elementor-section-height-default elementor-section-height-default\" data-id=\"c0b0ae4\" data-element_type=\"section\" data-settings=\"{&quot;background_background&quot;:&quot;classic&quot;}\">\n\t\t\t\t\t\t\t<div class=\"elementor-background-overlay\"><\/div>\n\t\t\t\t\t\t\t<div class=\"elementor-container elementor-column-gap-default\">\n\t\t\t\t\t<div class=\"elementor-column elementor-col-100 elementor-top-column elementor-element elementor-element-7f759fc\" data-id=\"7f759fc\" data-element_type=\"column\">\n\t\t\t<div class=\"elementor-widget-wrap elementor-element-populated\">\n\t\t\t\t\t\t<section class=\"elementor-section elementor-inner-section elementor-element elementor-element-157f5b5 elementor-section-boxed elementor-section-height-default elementor-section-height-default\" data-id=\"157f5b5\" data-element_type=\"section\">\n\t\t\t\t\t\t<div class=\"elementor-container elementor-column-gap-default\">\n\t\t\t\t\t<div class=\"elementor-column elementor-col-100 elementor-inner-column elementor-element elementor-element-a39ba59\" data-id=\"a39ba59\" data-element_type=\"column\">\n\t\t\t<div class=\"elementor-widget-wrap elementor-element-populated\">\n\t\t\t\t\t\t<div class=\"elementor-element elementor-element-2dc8973 elementor-widget elementor-widget-heading\" data-id=\"2dc8973\" data-element_type=\"widget\" data-widget_type=\"heading.default\">\n\t\t\t\t<div class=\"elementor-widget-container\">\n\t\t\t<h2 class=\"elementor-heading-title elementor-size-default\">PIDE TU CITA<\/h2>\t\t<\/div>\n\t\t\t\t<\/div>\n\t\t\t\t<div class=\"elementor-element elementor-element-9bf8602 elementor-widget elementor-widget-heading\" data-id=\"9bf8602\" data-element_type=\"widget\" data-widget_type=\"heading.default\">\n\t\t\t\t<div class=\"elementor-widget-container\">\n\t\t\t<div class=\"elementor-heading-title elementor-size-default\"><h3 style=\"font-size: 24px\">DENTAL <b>VI\u00d1A<\/b> tu cl\u00ednica dental de confianza en Alm\u00e0ssera<\/h3><\/div>\t\t<\/div>\n\t\t\t\t<\/div>\n\t\t\t\t<div class=\"elementor-element elementor-element-52b14fc elementor-widget elementor-widget-text-editor\" data-id=\"52b14fc\" data-element_type=\"widget\" data-widget_type=\"text-editor.default\">\n\t\t\t\t<div class=\"elementor-widget-container\">\n\t\t\t\t\t\t\t<a class=\"white-btn\" href=\"tel:+34960238259\">LLAMAR 960 238 259<\/a>\t\t\t\t\t\t<\/div>\n\t\t\t\t<\/div>\n\t\t\t\t<div class=\"elementor-element elementor-element-f455407 elementor-widget elementor-widget-text-editor\" data-id=\"f455407\" data-element_type=\"widget\" data-widget_type=\"text-editor.default\">\n\t\t\t\t<div class=\"elementor-widget-container\">\n\t\t\t\t\t\t\t<p><a class=\"white-btn\" href=\"https:\/\/wa.me\/+34615218989\">WHATSAPP<\/a><\/p>\t\t\t\t\t\t<\/div>\n\t\t\t\t<\/div>\n\t\t\t\t\t<\/div>\n\t\t<\/div>\n\t\t\t\t\t<\/div>\n\t\t<\/section>\n\t\t\t\t\t<\/div>\n\t\t<\/div>\n\t\t\t\t\t<\/div>\n\t\t<\/section>\n\t\t\t\t<\/div>","protected":false},"excerpt":{"rendered":"<p>La endodoncia es un tratamiento odontol\u00f3gico mediante el cual se extirpa la pulpa o nervio del diente. La endodoncia se realiza porque la pulpa est\u00e1 infectada y en la mayor\u00eda de los casos el motivo de esa infecci\u00f3n es por una caries que ha llegado hasta el nervio. A la infecci\u00f3n de la pulpa (nervio) se le denomina pulpitis. No&#8230;<\/p>","protected":false},"author":1,"featured_media":1108,"parent":0,"menu_order":0,"comment_status":"closed","ping_status":"closed","template":"my-templates\/template-fullscreen.php","meta":{"_acf_changed":false,"footnotes":""},"class_list":["post-1177","page","type-page","status-publish","has-post-thumbnail","hentry"],"acf":[],"yoast_head":"<!-- This site is optimized with the Yoast SEO plugin v24.4 - https:\/\/yoast.com\/wordpress\/plugins\/seo\/ -->\n<title>ENDODONCIA - Cl\u00ednica Dental Vi\u00f1a<\/title>\n<meta name=\"robots\" content=\"noindex, follow, max-snippet:-1, max-image-preview:large, max-video-preview:-1\" \/>\n<meta property=\"og:locale\" content=\"en_GB\" \/>\n<meta property=\"og:type\" content=\"article\" \/>\n<meta property=\"og:title\" content=\"ENDODONCIA - Cl\u00ednica Dental Vi\u00f1a\" \/>\n<meta property=\"og:description\" content=\"La endodoncia es un tratamiento odontol\u00f3gico mediante el cual se extirpa la pulpa o nervio del diente. La endodoncia se realiza porque la pulpa est\u00e1 infectada y en la mayor\u00eda de los casos el motivo de esa infecci\u00f3n es por una caries que ha llegado hasta el nervio. A la infecci\u00f3n de la pulpa (nervio) se le denomina pulpitis. No...\" \/>\n<meta property=\"og:url\" content=\"https:\/\/dentalvina.es\/en\/endodoncia\/\" \/>\n<meta property=\"og:site_name\" content=\"Cl\u00ednica Dental Vi\u00f1a\" \/>\n<meta property=\"article:modified_time\" content=\"2025-08-22T08:33:24+00:00\" \/>\n<meta property=\"og:image\" content=\"https:\/\/dentalvina.es\/wp-content\/uploads\/2024\/12\/fondo-dental-vina-almassera-7.jpg\" \/>\n\t<meta property=\"og:image:width\" content=\"1920\" \/>\n\t<meta property=\"og:image:height\" content=\"700\" \/>\n\t<meta property=\"og:image:type\" content=\"image\/jpeg\" \/>\n<meta name=\"twitter:card\" content=\"summary_large_image\" \/>\n<meta name=\"twitter:label1\" content=\"Estimated reading time\" \/>\n\t<meta name=\"twitter:data1\" content=\"2 minutes\" \/>\n<script type=\"application\/ld+json\" class=\"yoast-schema-graph\">{\"@context\":\"https:\/\/schema.org\",\"@graph\":[{\"@type\":\"WebPage\",\"@id\":\"https:\/\/dentalvina.es\/endodoncia\/\",\"url\":\"https:\/\/dentalvina.es\/endodoncia\/\",\"name\":\"ENDODONCIA - Cl\u00ednica Dental Vi\u00f1a\",\"isPartOf\":{\"@id\":\"https:\/\/dentalvina.es\/#website\"},\"primaryImageOfPage\":{\"@id\":\"https:\/\/dentalvina.es\/endodoncia\/#primaryimage\"},\"image\":{\"@id\":\"https:\/\/dentalvina.es\/endodoncia\/#primaryimage\"},\"thumbnailUrl\":\"https:\/\/dentalvina.es\/wp-content\/uploads\/2024\/12\/fondo-dental-vina-almassera-7.jpg\",\"datePublished\":\"2024-12-16T09:33:22+00:00\",\"dateModified\":\"2025-08-22T08:33:24+00:00\",\"breadcrumb\":{\"@id\":\"https:\/\/dentalvina.es\/endodoncia\/#breadcrumb\"},\"inLanguage\":\"en-GB\",\"potentialAction\":[{\"@type\":\"ReadAction\",\"target\":[\"https:\/\/dentalvina.es\/endodoncia\/\"]}]},{\"@type\":\"ImageObject\",\"inLanguage\":\"en-GB\",\"@id\":\"https:\/\/dentalvina.es\/endodoncia\/#primaryimage\",\"url\":\"https:\/\/dentalvina.es\/wp-content\/uploads\/2024\/12\/fondo-dental-vina-almassera-7.jpg\",\"contentUrl\":\"https:\/\/dentalvina.es\/wp-content\/uploads\/2024\/12\/fondo-dental-vina-almassera-7.jpg\",\"width\":1920,\"height\":700},{\"@type\":\"BreadcrumbList\",\"@id\":\"https:\/\/dentalvina.es\/endodoncia\/#breadcrumb\",\"itemListElement\":[{\"@type\":\"ListItem\",\"position\":1,\"name\":\"Portada\",\"item\":\"https:\/\/dentalvina.es\/\"},{\"@type\":\"ListItem\",\"position\":2,\"name\":\"ENDODONCIA\"}]},{\"@type\":\"WebSite\",\"@id\":\"https:\/\/dentalvina.es\/#website\",\"url\":\"https:\/\/dentalvina.es\/\",\"name\":\"Cl\u00ednica Dental Vi\u00f1a\",\"description\":\"Dentista en Alm\u00e0ssera\",\"publisher\":{\"@id\":\"https:\/\/dentalvina.es\/#organization\"},\"potentialAction\":[{\"@type\":\"SearchAction\",\"target\":{\"@type\":\"EntryPoint\",\"urlTemplate\":\"https:\/\/dentalvina.es\/?s={search_term_string}\"},\"query-input\":{\"@type\":\"PropertyValueSpecification\",\"valueRequired\":true,\"valueName\":\"search_term_string\"}}],\"inLanguage\":\"en-GB\"},{\"@type\":\"Organization\",\"@id\":\"https:\/\/dentalvina.es\/#organization\",\"name\":\"Cl\u00ednica Dental Vi\u00f1a\",\"url\":\"https:\/\/dentalvina.es\/\",\"logo\":{\"@type\":\"ImageObject\",\"inLanguage\":\"en-GB\",\"@id\":\"https:\/\/dentalvina.es\/#\/schema\/logo\/image\/\",\"url\":\"https:\/\/dentalvina.es\/wp-content\/uploads\/2025\/01\/logo-dental-vina-250x124-1.jpg\",\"contentUrl\":\"https:\/\/dentalvina.es\/wp-content\/uploads\/2025\/01\/logo-dental-vina-250x124-1.jpg\",\"width\":250,\"height\":124,\"caption\":\"Cl\u00ednica Dental Vi\u00f1a\"},\"image\":{\"@id\":\"https:\/\/dentalvina.es\/#\/schema\/logo\/image\/\"},\"sameAs\":[\"https:\/\/www.instagram.com\/clinicadentalvina\/\"]}]}<\/script>\n<!-- \/ Yoast SEO plugin. -->","yoast_head_json":{"title":"ENDODONCIA - Cl\u00ednica Dental Vi\u00f1a","robots":{"index":"noindex","follow":"follow","max-snippet":"max-snippet:-1","max-image-preview":"max-image-preview:large","max-video-preview":"max-video-preview:-1"},"og_locale":"en_GB","og_type":"article","og_title":"ENDODONCIA - Cl\u00ednica Dental Vi\u00f1a","og_description":"La endodoncia es un tratamiento odontol\u00f3gico mediante el cual se extirpa la pulpa o nervio del diente. La endodoncia se realiza porque la pulpa est\u00e1 infectada y en la mayor\u00eda de los casos el motivo de esa infecci\u00f3n es por una caries que ha llegado hasta el nervio. A la infecci\u00f3n de la pulpa (nervio) se le denomina pulpitis. No...","og_url":"https:\/\/dentalvina.es\/en\/endodoncia\/","og_site_name":"Cl\u00ednica Dental Vi\u00f1a","article_modified_time":"2025-08-22T08:33:24+00:00","og_image":[{"width":1920,"height":700,"url":"https:\/\/dentalvina.es\/wp-content\/uploads\/2024\/12\/fondo-dental-vina-almassera-7.jpg","type":"image\/jpeg"}],"twitter_card":"summary_large_image","twitter_misc":{"Estimated reading time":"2 minutes"},"schema":{"@context":"https:\/\/schema.org","@graph":[{"@type":"WebPage","@id":"https:\/\/dentalvina.es\/endodoncia\/","url":"https:\/\/dentalvina.es\/endodoncia\/","name":"ENDODONCIA - Cl\u00ednica Dental Vi\u00f1a","isPartOf":{"@id":"https:\/\/dentalvina.es\/#website"},"primaryImageOfPage":{"@id":"https:\/\/dentalvina.es\/endodoncia\/#primaryimage"},"image":{"@id":"https:\/\/dentalvina.es\/endodoncia\/#primaryimage"},"thumbnailUrl":"https:\/\/dentalvina.es\/wp-content\/uploads\/2024\/12\/fondo-dental-vina-almassera-7.jpg","datePublished":"2024-12-16T09:33:22+00:00","dateModified":"2025-08-22T08:33:24+00:00","breadcrumb":{"@id":"https:\/\/dentalvina.es\/endodoncia\/#breadcrumb"},"inLanguage":"en-GB","potentialAction":[{"@type":"ReadAction","target":["https:\/\/dentalvina.es\/endodoncia\/"]}]},{"@type":"ImageObject","inLanguage":"en-GB","@id":"https:\/\/dentalvina.es\/endodoncia\/#primaryimage","url":"https:\/\/dentalvina.es\/wp-content\/uploads\/2024\/12\/fondo-dental-vina-almassera-7.jpg","contentUrl":"https:\/\/dentalvina.es\/wp-content\/uploads\/2024\/12\/fondo-dental-vina-almassera-7.jpg","width":1920,"height":700},{"@type":"BreadcrumbList","@id":"https:\/\/dentalvina.es\/endodoncia\/#breadcrumb","itemListElement":[{"@type":"ListItem","position":1,"name":"Portada","item":"https:\/\/dentalvina.es\/"},{"@type":"ListItem","position":2,"name":"ENDODONCIA"}]},{"@type":"WebSite","@id":"https:\/\/dentalvina.es\/#website","url":"https:\/\/dentalvina.es\/","name":"Cl\u00ednica Dental Vi\u00f1a","description":"Dentista en Alm\u00e0ssera","publisher":{"@id":"https:\/\/dentalvina.es\/#organization"},"potentialAction":[{"@type":"SearchAction","target":{"@type":"EntryPoint","urlTemplate":"https:\/\/dentalvina.es\/?s={search_term_string}"},"query-input":{"@type":"PropertyValueSpecification","valueRequired":true,"valueName":"search_term_string"}}],"inLanguage":"en-GB"},{"@type":"Organization","@id":"https:\/\/dentalvina.es\/#organization","name":"Cl\u00ednica Dental Vi\u00f1a","url":"https:\/\/dentalvina.es\/","logo":{"@type":"ImageObject","inLanguage":"en-GB","@id":"https:\/\/dentalvina.es\/#\/schema\/logo\/image\/","url":"https:\/\/dentalvina.es\/wp-content\/uploads\/2025\/01\/logo-dental-vina-250x124-1.jpg","contentUrl":"https:\/\/dentalvina.es\/wp-content\/uploads\/2025\/01\/logo-dental-vina-250x124-1.jpg","width":250,"height":124,"caption":"Cl\u00ednica Dental Vi\u00f1a"},"image":{"@id":"https:\/\/dentalvina.es\/#\/schema\/logo\/image\/"},"sameAs":["https:\/\/www.instagram.com\/clinicadentalvina\/"]}]}},"_links":{"self":[{"href":"https:\/\/dentalvina.es\/en\/wp-json\/wp\/v2\/pages\/1177","targetHints":{"allow":["GET"]}}],"collection":[{"href":"https:\/\/dentalvina.es\/en\/wp-json\/wp\/v2\/pages"}],"about":[{"href":"https:\/\/dentalvina.es\/en\/wp-json\/wp\/v2\/types\/page"}],"author":[{"embeddable":true,"href":"https:\/\/dentalvina.es\/en\/wp-json\/wp\/v2\/users\/1"}],"replies":[{"embeddable":true,"href":"https:\/\/dentalvina.es\/en\/wp-json\/wp\/v2\/comments?post=1177"}],"version-history":[{"count":49,"href":"https:\/\/dentalvina.es\/en\/wp-json\/wp\/v2\/pages\/1177\/revisions"}],"predecessor-version":[{"id":3034,"href":"https:\/\/dentalvina.es\/en\/wp-json\/wp\/v2\/pages\/1177\/revisions\/3034"}],"wp:featuredmedia":[{"embeddable":true,"href":"https:\/\/dentalvina.es\/en\/wp-json\/wp\/v2\/media\/1108"}],"wp:attachment":[{"href":"https:\/\/dentalvina.es\/en\/wp-json\/wp\/v2\/media?parent=1177"}],"curies":[{"name":"wp","href":"https:\/\/api.w.org\/{rel}","templated":true}]}}