{"id":1223,"date":"2024-12-16T12:27:29","date_gmt":"2024-12-16T11:27:29","guid":{"rendered":"https:\/\/dentalvinaweb.grupoicsolutions.com\/?page_id=1223"},"modified":"2025-08-22T10:37:45","modified_gmt":"2025-08-22T08:37:45","slug":"periodoncia","status":"publish","type":"page","link":"https:\/\/dentalvina.es\/en\/periodoncia\/","title":{"rendered":"PERIODONCIA"},"content":{"rendered":"<div data-elementor-type=\"wp-post\" data-elementor-id=\"1223\" class=\"elementor elementor-1223\">\n\t\t\t\t\t\t<section class=\"elementor-section elementor-top-section elementor-element elementor-element-17448d5 elementor-section-boxed elementor-section-height-default elementor-section-height-default\" data-id=\"17448d5\" data-element_type=\"section\">\n\t\t\t\t\t\t<div class=\"elementor-container elementor-column-gap-default\">\n\t\t\t\t\t<div class=\"elementor-column elementor-col-50 elementor-top-column elementor-element elementor-element-079517d\" data-id=\"079517d\" data-element_type=\"column\">\n\t\t\t<div class=\"elementor-widget-wrap elementor-element-populated\">\n\t\t\t\t\t\t<div class=\"elementor-element elementor-element-2c60671 elementor-widget elementor-widget-image\" data-id=\"2c60671\" data-element_type=\"widget\" data-widget_type=\"image.default\">\n\t\t\t\t<div class=\"elementor-widget-container\">\n\t\t\t\t\t\t\t\t\t\t\t\t\t<img fetchpriority=\"high\" decoding=\"async\" width=\"1000\" height=\"563\" src=\"https:\/\/dentalvina.es\/wp-content\/uploads\/2025\/01\/06-periodoncia.jpg\" class=\"attachment-large size-large wp-image-1986\" alt=\"\" srcset=\"https:\/\/dentalvina.es\/wp-content\/uploads\/2025\/01\/06-periodoncia.jpg 1000w, https:\/\/dentalvina.es\/wp-content\/uploads\/2025\/01\/06-periodoncia-300x169.jpg 300w, https:\/\/dentalvina.es\/wp-content\/uploads\/2025\/01\/06-periodoncia-768x432.jpg 768w\" sizes=\"(max-width: 1000px) 100vw, 1000px\" \/>\t\t\t\t\t\t\t\t\t\t\t\t\t<\/div>\n\t\t\t\t<\/div>\n\t\t\t\t\t<\/div>\n\t\t<\/div>\n\t\t\t\t<div class=\"elementor-column elementor-col-50 elementor-top-column elementor-element elementor-element-b5f17f7\" data-id=\"b5f17f7\" data-element_type=\"column\">\n\t\t\t<div class=\"elementor-widget-wrap elementor-element-populated\">\n\t\t\t\t\t\t<div class=\"elementor-element elementor-element-3a6beed elementor-widget__width-initial elementor-widget elementor-widget-text-editor\" data-id=\"3a6beed\" data-element_type=\"widget\" data-widget_type=\"text-editor.default\">\n\t\t\t\t<div class=\"elementor-widget-container\">\n\t\t\t\t\t\t\t<p>La periodoncia es la rama de la odontolog\u00eda que trata las enfermedades periodontales o c\u00f3mo com\u00fanmente se le conoce, la piorrea. Seg\u00fan la extensi\u00f3n de la lesi\u00f3n, dividimos las enfermedades periodontales en gingivitis y la periodontitis, pero el origen de ambas enfermedades es el mismo, el sarro.<\/p><p>Al eliminar el sarro (con limpieza bucal o curetajes) se detiene la enfermedad periodontal. Tan importante es eliminar el sarro (limpiar), como mantenerlo al diente libre de sarro a lo largo del tiempo. Por ello, para que el tratamiento periodontal tenga \u00e9xito, son muy importante las citas de mantenimiento (revisiones) a lo largo de los a\u00f1os.<\/p>\t\t\t\t\t\t<\/div>\n\t\t\t\t<\/div>\n\t\t\t\t\t<\/div>\n\t\t<\/div>\n\t\t\t\t\t<\/div>\n\t\t<\/section>\n\t\t\t\t<section class=\"elementor-section elementor-top-section elementor-element elementor-element-e4ea195 elementor-section-boxed elementor-section-height-default elementor-section-height-default\" data-id=\"e4ea195\" data-element_type=\"section\">\n\t\t\t\t\t\t<div class=\"elementor-container elementor-column-gap-default\">\n\t\t\t\t\t<div class=\"elementor-column elementor-col-100 elementor-top-column elementor-element elementor-element-f62cca4\" data-id=\"f62cca4\" data-element_type=\"column\">\n\t\t\t<div class=\"elementor-widget-wrap elementor-element-populated\">\n\t\t\t\t\t\t<div class=\"elementor-element elementor-element-26ddac6 elementor-widget elementor-widget-image\" data-id=\"26ddac6\" data-element_type=\"widget\" data-widget_type=\"image.default\">\n\t\t\t\t<div class=\"elementor-widget-container\">\n\t\t\t\t\t\t\t\t\t\t\t\t\t<img decoding=\"async\" width=\"1000\" height=\"563\" src=\"https:\/\/dentalvina.es\/wp-content\/uploads\/2025\/01\/06-periodoncia-2.jpg\" class=\"attachment-full size-full wp-image-2080\" alt=\"\" srcset=\"https:\/\/dentalvina.es\/wp-content\/uploads\/2025\/01\/06-periodoncia-2.jpg 1000w, https:\/\/dentalvina.es\/wp-content\/uploads\/2025\/01\/06-periodoncia-2-300x169.jpg 300w, https:\/\/dentalvina.es\/wp-content\/uploads\/2025\/01\/06-periodoncia-2-768x432.jpg 768w\" sizes=\"(max-width: 1000px) 100vw, 1000px\" \/>\t\t\t\t\t\t\t\t\t\t\t\t\t<\/div>\n\t\t\t\t<\/div>\n\t\t\t\t\t<\/div>\n\t\t<\/div>\n\t\t\t\t\t<\/div>\n\t\t<\/section>\n\t\t\t\t<section class=\"elementor-section elementor-top-section elementor-element elementor-element-7c9a72b elementor-section-full_width elementor-section-height-default elementor-section-height-default\" data-id=\"7c9a72b\" data-element_type=\"section\" data-settings=\"{&quot;background_background&quot;:&quot;classic&quot;}\">\n\t\t\t\t\t\t\t<div class=\"elementor-background-overlay\"><\/div>\n\t\t\t\t\t\t\t<div class=\"elementor-container elementor-column-gap-default\">\n\t\t\t\t\t<div class=\"elementor-column elementor-col-100 elementor-top-column elementor-element elementor-element-31c7775\" data-id=\"31c7775\" data-element_type=\"column\">\n\t\t\t<div class=\"elementor-widget-wrap elementor-element-populated\">\n\t\t\t\t\t\t<section class=\"elementor-section elementor-inner-section elementor-element elementor-element-5612dc3 elementor-section-boxed elementor-section-height-default elementor-section-height-default\" data-id=\"5612dc3\" data-element_type=\"section\">\n\t\t\t\t\t\t<div class=\"elementor-container elementor-column-gap-default\">\n\t\t\t\t\t<div class=\"elementor-column elementor-col-100 elementor-inner-column elementor-element elementor-element-c6f6114\" data-id=\"c6f6114\" data-element_type=\"column\">\n\t\t\t<div class=\"elementor-widget-wrap elementor-element-populated\">\n\t\t\t\t\t\t<div class=\"elementor-element elementor-element-ac983c7 elementor-widget elementor-widget-heading\" data-id=\"ac983c7\" data-element_type=\"widget\" data-widget_type=\"heading.default\">\n\t\t\t\t<div class=\"elementor-widget-container\">\n\t\t\t<h2 class=\"elementor-heading-title elementor-size-default\">PIDE TU CITA<\/h2>\t\t<\/div>\n\t\t\t\t<\/div>\n\t\t\t\t<div class=\"elementor-element elementor-element-236be69 elementor-widget elementor-widget-heading\" data-id=\"236be69\" data-element_type=\"widget\" data-widget_type=\"heading.default\">\n\t\t\t\t<div class=\"elementor-widget-container\">\n\t\t\t<div class=\"elementor-heading-title elementor-size-default\"><h3 style=\"font-size: 24px\">DENTAL <b>VI\u00d1A<\/b> tu cl\u00ednica dental de confianza en Alm\u00e0ssera<\/h3><\/div>\t\t<\/div>\n\t\t\t\t<\/div>\n\t\t\t\t<div class=\"elementor-element elementor-element-ea5fa0c elementor-widget elementor-widget-text-editor\" data-id=\"ea5fa0c\" data-element_type=\"widget\" data-widget_type=\"text-editor.default\">\n\t\t\t\t<div class=\"elementor-widget-container\">\n\t\t\t\t\t\t\t<a class=\"white-btn\" href=\"tel:+34960238259\">LLAMAR 960 238 259<\/a>\t\t\t\t\t\t<\/div>\n\t\t\t\t<\/div>\n\t\t\t\t<div class=\"elementor-element elementor-element-31d9ebf elementor-widget elementor-widget-text-editor\" data-id=\"31d9ebf\" data-element_type=\"widget\" data-widget_type=\"text-editor.default\">\n\t\t\t\t<div class=\"elementor-widget-container\">\n\t\t\t\t\t\t\t<p><a class=\"white-btn\" href=\"https:\/\/wa.me\/+34615218989\">WHATSAPP<\/a><\/p>\t\t\t\t\t\t<\/div>\n\t\t\t\t<\/div>\n\t\t\t\t\t<\/div>\n\t\t<\/div>\n\t\t\t\t\t<\/div>\n\t\t<\/section>\n\t\t\t\t\t<\/div>\n\t\t<\/div>\n\t\t\t\t\t<\/div>\n\t\t<\/section>\n\t\t\t\t<\/div>","protected":false},"excerpt":{"rendered":"<p>La periodoncia es la rama de la odontolog\u00eda que trata las enfermedades periodontales o c\u00f3mo com\u00fanmente se le conoce, la piorrea. Seg\u00fan la extensi\u00f3n de la lesi\u00f3n, dividimos las enfermedades periodontales en gingivitis y la periodontitis, pero el origen de ambas enfermedades es el mismo, el sarro. Al eliminar el sarro (con limpieza bucal o curetajes) se detiene la enfermedad&#8230;<\/p>","protected":false},"author":1,"featured_media":1108,"parent":0,"menu_order":0,"comment_status":"closed","ping_status":"closed","template":"my-templates\/template-fullscreen.php","meta":{"_acf_changed":false,"footnotes":""},"class_list":["post-1223","page","type-page","status-publish","has-post-thumbnail","hentry"],"acf":[],"yoast_head":"<!-- This site is optimized with the Yoast SEO plugin v24.4 - https:\/\/yoast.com\/wordpress\/plugins\/seo\/ -->\n<title>PERIODONCIA - Cl\u00ednica Dental Vi\u00f1a<\/title>\n<meta name=\"robots\" content=\"noindex, follow, max-snippet:-1, max-image-preview:large, max-video-preview:-1\" \/>\n<meta property=\"og:locale\" content=\"en_GB\" \/>\n<meta property=\"og:type\" content=\"article\" \/>\n<meta property=\"og:title\" content=\"PERIODONCIA - Cl\u00ednica Dental Vi\u00f1a\" \/>\n<meta property=\"og:description\" content=\"La periodoncia es la rama de la odontolog\u00eda que trata las enfermedades periodontales o c\u00f3mo com\u00fanmente se le conoce, la piorrea. Seg\u00fan la extensi\u00f3n de la lesi\u00f3n, dividimos las enfermedades periodontales en gingivitis y la periodontitis, pero el origen de ambas enfermedades es el mismo, el sarro. Al eliminar el sarro (con limpieza bucal o curetajes) se detiene la enfermedad...\" \/>\n<meta property=\"og:url\" content=\"https:\/\/dentalvina.es\/en\/periodoncia\/\" \/>\n<meta property=\"og:site_name\" content=\"Cl\u00ednica Dental Vi\u00f1a\" \/>\n<meta property=\"article:modified_time\" content=\"2025-08-22T08:37:45+00:00\" \/>\n<meta property=\"og:image\" content=\"https:\/\/dentalvina.es\/wp-content\/uploads\/2024\/12\/fondo-dental-vina-almassera-7.jpg\" \/>\n\t<meta property=\"og:image:width\" content=\"1920\" \/>\n\t<meta property=\"og:image:height\" content=\"700\" \/>\n\t<meta property=\"og:image:type\" content=\"image\/jpeg\" \/>\n<meta name=\"twitter:card\" content=\"summary_large_image\" \/>\n<meta name=\"twitter:label1\" content=\"Estimated reading time\" \/>\n\t<meta name=\"twitter:data1\" content=\"1 minute\" \/>\n<script type=\"application\/ld+json\" class=\"yoast-schema-graph\">{\"@context\":\"https:\/\/schema.org\",\"@graph\":[{\"@type\":\"WebPage\",\"@id\":\"https:\/\/dentalvina.es\/periodoncia\/\",\"url\":\"https:\/\/dentalvina.es\/periodoncia\/\",\"name\":\"PERIODONCIA - Cl\u00ednica Dental Vi\u00f1a\",\"isPartOf\":{\"@id\":\"https:\/\/dentalvina.es\/#website\"},\"primaryImageOfPage\":{\"@id\":\"https:\/\/dentalvina.es\/periodoncia\/#primaryimage\"},\"image\":{\"@id\":\"https:\/\/dentalvina.es\/periodoncia\/#primaryimage\"},\"thumbnailUrl\":\"https:\/\/dentalvina.es\/wp-content\/uploads\/2024\/12\/fondo-dental-vina-almassera-7.jpg\",\"datePublished\":\"2024-12-16T11:27:29+00:00\",\"dateModified\":\"2025-08-22T08:37:45+00:00\",\"breadcrumb\":{\"@id\":\"https:\/\/dentalvina.es\/periodoncia\/#breadcrumb\"},\"inLanguage\":\"en-GB\",\"potentialAction\":[{\"@type\":\"ReadAction\",\"target\":[\"https:\/\/dentalvina.es\/periodoncia\/\"]}]},{\"@type\":\"ImageObject\",\"inLanguage\":\"en-GB\",\"@id\":\"https:\/\/dentalvina.es\/periodoncia\/#primaryimage\",\"url\":\"https:\/\/dentalvina.es\/wp-content\/uploads\/2024\/12\/fondo-dental-vina-almassera-7.jpg\",\"contentUrl\":\"https:\/\/dentalvina.es\/wp-content\/uploads\/2024\/12\/fondo-dental-vina-almassera-7.jpg\",\"width\":1920,\"height\":700},{\"@type\":\"BreadcrumbList\",\"@id\":\"https:\/\/dentalvina.es\/periodoncia\/#breadcrumb\",\"itemListElement\":[{\"@type\":\"ListItem\",\"position\":1,\"name\":\"Portada\",\"item\":\"https:\/\/dentalvina.es\/\"},{\"@type\":\"ListItem\",\"position\":2,\"name\":\"PERIODONCIA\"}]},{\"@type\":\"WebSite\",\"@id\":\"https:\/\/dentalvina.es\/#website\",\"url\":\"https:\/\/dentalvina.es\/\",\"name\":\"Cl\u00ednica Dental Vi\u00f1a\",\"description\":\"Dentista en Alm\u00e0ssera\",\"publisher\":{\"@id\":\"https:\/\/dentalvina.es\/#organization\"},\"potentialAction\":[{\"@type\":\"SearchAction\",\"target\":{\"@type\":\"EntryPoint\",\"urlTemplate\":\"https:\/\/dentalvina.es\/?s={search_term_string}\"},\"query-input\":{\"@type\":\"PropertyValueSpecification\",\"valueRequired\":true,\"valueName\":\"search_term_string\"}}],\"inLanguage\":\"en-GB\"},{\"@type\":\"Organization\",\"@id\":\"https:\/\/dentalvina.es\/#organization\",\"name\":\"Cl\u00ednica Dental Vi\u00f1a\",\"url\":\"https:\/\/dentalvina.es\/\",\"logo\":{\"@type\":\"ImageObject\",\"inLanguage\":\"en-GB\",\"@id\":\"https:\/\/dentalvina.es\/#\/schema\/logo\/image\/\",\"url\":\"https:\/\/dentalvina.es\/wp-content\/uploads\/2025\/01\/logo-dental-vina-250x124-1.jpg\",\"contentUrl\":\"https:\/\/dentalvina.es\/wp-content\/uploads\/2025\/01\/logo-dental-vina-250x124-1.jpg\",\"width\":250,\"height\":124,\"caption\":\"Cl\u00ednica Dental Vi\u00f1a\"},\"image\":{\"@id\":\"https:\/\/dentalvina.es\/#\/schema\/logo\/image\/\"},\"sameAs\":[\"https:\/\/www.instagram.com\/clinicadentalvina\/\"]}]}<\/script>\n<!-- \/ Yoast SEO plugin. -->","yoast_head_json":{"title":"PERIODONCIA - Cl\u00ednica Dental Vi\u00f1a","robots":{"index":"noindex","follow":"follow","max-snippet":"max-snippet:-1","max-image-preview":"max-image-preview:large","max-video-preview":"max-video-preview:-1"},"og_locale":"en_GB","og_type":"article","og_title":"PERIODONCIA - Cl\u00ednica Dental Vi\u00f1a","og_description":"La periodoncia es la rama de la odontolog\u00eda que trata las enfermedades periodontales o c\u00f3mo com\u00fanmente se le conoce, la piorrea. Seg\u00fan la extensi\u00f3n de la lesi\u00f3n, dividimos las enfermedades periodontales en gingivitis y la periodontitis, pero el origen de ambas enfermedades es el mismo, el sarro. Al eliminar el sarro (con limpieza bucal o curetajes) se detiene la enfermedad...","og_url":"https:\/\/dentalvina.es\/en\/periodoncia\/","og_site_name":"Cl\u00ednica Dental Vi\u00f1a","article_modified_time":"2025-08-22T08:37:45+00:00","og_image":[{"width":1920,"height":700,"url":"https:\/\/dentalvina.es\/wp-content\/uploads\/2024\/12\/fondo-dental-vina-almassera-7.jpg","type":"image\/jpeg"}],"twitter_card":"summary_large_image","twitter_misc":{"Estimated reading time":"1 minute"},"schema":{"@context":"https:\/\/schema.org","@graph":[{"@type":"WebPage","@id":"https:\/\/dentalvina.es\/periodoncia\/","url":"https:\/\/dentalvina.es\/periodoncia\/","name":"PERIODONCIA - Cl\u00ednica Dental Vi\u00f1a","isPartOf":{"@id":"https:\/\/dentalvina.es\/#website"},"primaryImageOfPage":{"@id":"https:\/\/dentalvina.es\/periodoncia\/#primaryimage"},"image":{"@id":"https:\/\/dentalvina.es\/periodoncia\/#primaryimage"},"thumbnailUrl":"https:\/\/dentalvina.es\/wp-content\/uploads\/2024\/12\/fondo-dental-vina-almassera-7.jpg","datePublished":"2024-12-16T11:27:29+00:00","dateModified":"2025-08-22T08:37:45+00:00","breadcrumb":{"@id":"https:\/\/dentalvina.es\/periodoncia\/#breadcrumb"},"inLanguage":"en-GB","potentialAction":[{"@type":"ReadAction","target":["https:\/\/dentalvina.es\/periodoncia\/"]}]},{"@type":"ImageObject","inLanguage":"en-GB","@id":"https:\/\/dentalvina.es\/periodoncia\/#primaryimage","url":"https:\/\/dentalvina.es\/wp-content\/uploads\/2024\/12\/fondo-dental-vina-almassera-7.jpg","contentUrl":"https:\/\/dentalvina.es\/wp-content\/uploads\/2024\/12\/fondo-dental-vina-almassera-7.jpg","width":1920,"height":700},{"@type":"BreadcrumbList","@id":"https:\/\/dentalvina.es\/periodoncia\/#breadcrumb","itemListElement":[{"@type":"ListItem","position":1,"name":"Portada","item":"https:\/\/dentalvina.es\/"},{"@type":"ListItem","position":2,"name":"PERIODONCIA"}]},{"@type":"WebSite","@id":"https:\/\/dentalvina.es\/#website","url":"https:\/\/dentalvina.es\/","name":"Cl\u00ednica Dental Vi\u00f1a","description":"Dentista en Alm\u00e0ssera","publisher":{"@id":"https:\/\/dentalvina.es\/#organization"},"potentialAction":[{"@type":"SearchAction","target":{"@type":"EntryPoint","urlTemplate":"https:\/\/dentalvina.es\/?s={search_term_string}"},"query-input":{"@type":"PropertyValueSpecification","valueRequired":true,"valueName":"search_term_string"}}],"inLanguage":"en-GB"},{"@type":"Organization","@id":"https:\/\/dentalvina.es\/#organization","name":"Cl\u00ednica Dental Vi\u00f1a","url":"https:\/\/dentalvina.es\/","logo":{"@type":"ImageObject","inLanguage":"en-GB","@id":"https:\/\/dentalvina.es\/#\/schema\/logo\/image\/","url":"https:\/\/dentalvina.es\/wp-content\/uploads\/2025\/01\/logo-dental-vina-250x124-1.jpg","contentUrl":"https:\/\/dentalvina.es\/wp-content\/uploads\/2025\/01\/logo-dental-vina-250x124-1.jpg","width":250,"height":124,"caption":"Cl\u00ednica Dental Vi\u00f1a"},"image":{"@id":"https:\/\/dentalvina.es\/#\/schema\/logo\/image\/"},"sameAs":["https:\/\/www.instagram.com\/clinicadentalvina\/"]}]}},"_links":{"self":[{"href":"https:\/\/dentalvina.es\/en\/wp-json\/wp\/v2\/pages\/1223","targetHints":{"allow":["GET"]}}],"collection":[{"href":"https:\/\/dentalvina.es\/en\/wp-json\/wp\/v2\/pages"}],"about":[{"href":"https:\/\/dentalvina.es\/en\/wp-json\/wp\/v2\/types\/page"}],"author":[{"embeddable":true,"href":"https:\/\/dentalvina.es\/en\/wp-json\/wp\/v2\/users\/1"}],"replies":[{"embeddable":true,"href":"https:\/\/dentalvina.es\/en\/wp-json\/wp\/v2\/comments?post=1223"}],"version-history":[{"count":49,"href":"https:\/\/dentalvina.es\/en\/wp-json\/wp\/v2\/pages\/1223\/revisions"}],"predecessor-version":[{"id":3037,"href":"https:\/\/dentalvina.es\/en\/wp-json\/wp\/v2\/pages\/1223\/revisions\/3037"}],"wp:featuredmedia":[{"embeddable":true,"href":"https:\/\/dentalvina.es\/en\/wp-json\/wp\/v2\/media\/1108"}],"wp:attachment":[{"href":"https:\/\/dentalvina.es\/en\/wp-json\/wp\/v2\/media?parent=1223"}],"curies":[{"name":"wp","href":"https:\/\/api.w.org\/{rel}","templated":true}]}}