{"id":1274,"date":"2024-12-17T12:54:41","date_gmt":"2024-12-17T11:54:41","guid":{"rendered":"https:\/\/dentalvinaweb.grupoicsolutions.com\/?page_id=1274"},"modified":"2025-08-22T11:06:25","modified_gmt":"2025-08-22T09:06:25","slug":"jose-vina","status":"publish","type":"page","link":"https:\/\/dentalvina.es\/en\/jose-vina\/","title":{"rendered":"JOSE VI\u00d1A"},"content":{"rendered":"<div data-elementor-type=\"wp-post\" data-elementor-id=\"1274\" class=\"elementor elementor-1274\">\n\t\t\t\t\t\t<section class=\"elementor-section elementor-top-section elementor-element elementor-element-86cf2d4 elementor-section-full_width elementor-section-height-default elementor-section-height-default\" data-id=\"86cf2d4\" data-element_type=\"section\" data-settings=\"{&quot;background_background&quot;:&quot;classic&quot;}\">\n\t\t\t\t\t\t<div class=\"elementor-container elementor-column-gap-default\">\n\t\t\t\t\t<div class=\"elementor-column elementor-col-100 elementor-top-column elementor-element elementor-element-0b8dbfe\" data-id=\"0b8dbfe\" data-element_type=\"column\">\n\t\t\t<div class=\"elementor-widget-wrap elementor-element-populated\">\n\t\t\t\t\t\t<section class=\"elementor-section elementor-inner-section elementor-element elementor-element-d30dfca elementor-section-boxed elementor-section-height-default elementor-section-height-default\" data-id=\"d30dfca\" data-element_type=\"section\">\n\t\t\t\t\t\t<div class=\"elementor-container elementor-column-gap-default\">\n\t\t\t\t\t<div class=\"elementor-column elementor-col-50 elementor-inner-column elementor-element elementor-element-ae5ae23\" data-id=\"ae5ae23\" data-element_type=\"column\">\n\t\t\t<div class=\"elementor-widget-wrap elementor-element-populated\">\n\t\t\t\t\t\t<div class=\"elementor-element elementor-element-667f4e3 elementor-widget elementor-widget-image\" data-id=\"667f4e3\" data-element_type=\"widget\" data-widget_type=\"image.default\">\n\t\t\t\t<div class=\"elementor-widget-container\">\n\t\t\t\t\t\t\t\t\t\t\t\t\t<img decoding=\"async\" src=\"https:\/\/dentalvina.es\/wp-content\/uploads\/elementor\/thumbs\/01-jose-vina-qye838pp3x4rcwy14cqm1ux7ciltjgyvg1f79wj3y0.jpg\" title=\"01-jose-vina\" alt=\"01-jose-vina\" loading=\"lazy\" \/>\t\t\t\t\t\t\t\t\t\t\t\t\t<\/div>\n\t\t\t\t<\/div>\n\t\t\t\t<div class=\"elementor-element elementor-element-d2d1b03 team-desc elementor-widget elementor-widget-text-editor\" data-id=\"d2d1b03\" data-element_type=\"widget\" data-widget_type=\"text-editor.default\">\n\t\t\t\t<div class=\"elementor-widget-container\">\n\t\t\t\t\t\t\t<h3 class=\"team-title\">Jose Vi\u00f1a<\/h3>\n<div class=\"smalltitle\">Cirug\u00eda \/ Implantolog\u00eda \/ Periodoncia<\/div>\n\t\t\t\t\t\t<\/div>\n\t\t\t\t<\/div>\n\t\t\t\t\t<\/div>\n\t\t<\/div>\n\t\t\t\t<div class=\"elementor-column elementor-col-50 elementor-inner-column elementor-element elementor-element-64b16d7\" data-id=\"64b16d7\" data-element_type=\"column\">\n\t\t\t<div class=\"elementor-widget-wrap elementor-element-populated\">\n\t\t\t\t\t\t<div class=\"elementor-element elementor-element-fc1989f elementor-widget__width-initial elementor-widget elementor-widget-text-editor\" data-id=\"fc1989f\" data-element_type=\"widget\" data-widget_type=\"text-editor.default\">\n\t\t\t\t<div class=\"elementor-widget-container\">\n\t\t\t\t\t\t\t<p>&#8211; Licenciado en Odontolog\u00eda. Universidad Alfonso X el Sabio. Madrid.<br \/>&#8211; M\u00e1ster en Cirug\u00eda Bucal e Implantolog\u00eda. Universitat de Val\u00e8ncia<br \/>&#8211; Doctor en Odontolog\u00eda. Universitat de Val\u00e8ncia<br \/>&#8211; Profesor del M\u00e1ster en Cirug\u00eda Bucal e Implantolog\u00eda (2012-2021).\u00a0Universitat de Val\u00e8ncia<br \/>&#8211; Profesor Asociado de Cirug\u00eda Bucal (2016-actualidad). Universitat de Val\u00e8ncia<br \/>&#8211; Miembro de la Sociedad espa\u00f1ola de Cirug\u00eda Bucal (SECIB)<br \/>&#8211; Autor de m\u00e1s de 30 publicaciones cient\u00edficas en revistas indexadas<br \/>&#8211; Ponente de cursos relacionados con la cirug\u00eda bucal y la implantolog\u00eda<\/p>\t\t\t\t\t\t<\/div>\n\t\t\t\t<\/div>\n\t\t\t\t\t<\/div>\n\t\t<\/div>\n\t\t\t\t\t<\/div>\n\t\t<\/section>\n\t\t\t\t\t<\/div>\n\t\t<\/div>\n\t\t\t\t\t<\/div>\n\t\t<\/section>\n\t\t<div class=\"elementor-element elementor-element-633f7a4 e-flex e-con-boxed e-con e-parent\" data-id=\"633f7a4\" data-element_type=\"container\">\n\t\t\t\t\t<div class=\"e-con-inner\">\n\t\t\t\t\t<\/div>\n\t\t\t\t<\/div>\n\t\t\t\t<section class=\"elementor-section elementor-top-section elementor-element elementor-element-1f68894 elementor-section-full_width elementor-section-height-default elementor-section-height-default\" data-id=\"1f68894\" data-element_type=\"section\" data-settings=\"{&quot;background_background&quot;:&quot;classic&quot;}\">\n\t\t\t\t\t\t\t<div class=\"elementor-background-overlay\"><\/div>\n\t\t\t\t\t\t\t<div class=\"elementor-container elementor-column-gap-default\">\n\t\t\t\t\t<div class=\"elementor-column elementor-col-100 elementor-top-column elementor-element elementor-element-8459a54\" data-id=\"8459a54\" data-element_type=\"column\">\n\t\t\t<div class=\"elementor-widget-wrap elementor-element-populated\">\n\t\t\t\t\t\t<section class=\"elementor-section elementor-inner-section elementor-element elementor-element-100d951 elementor-section-boxed elementor-section-height-default elementor-section-height-default\" data-id=\"100d951\" data-element_type=\"section\">\n\t\t\t\t\t\t<div class=\"elementor-container elementor-column-gap-default\">\n\t\t\t\t\t<div class=\"elementor-column elementor-col-100 elementor-inner-column elementor-element elementor-element-974c180\" data-id=\"974c180\" data-element_type=\"column\">\n\t\t\t<div class=\"elementor-widget-wrap elementor-element-populated\">\n\t\t\t\t\t\t<div class=\"elementor-element elementor-element-8bd2be1 elementor-widget elementor-widget-heading\" data-id=\"8bd2be1\" data-element_type=\"widget\" data-widget_type=\"heading.default\">\n\t\t\t\t<div class=\"elementor-widget-container\">\n\t\t\t<h2 class=\"elementor-heading-title elementor-size-default\">PIDE TU CITA<\/h2>\t\t<\/div>\n\t\t\t\t<\/div>\n\t\t\t\t<div class=\"elementor-element elementor-element-ecb4b1e elementor-widget elementor-widget-heading\" data-id=\"ecb4b1e\" data-element_type=\"widget\" data-widget_type=\"heading.default\">\n\t\t\t\t<div class=\"elementor-widget-container\">\n\t\t\t<div class=\"elementor-heading-title elementor-size-default\"><h3 style=\"font-size: 24px\">DENTAL <b>VI\u00d1A<\/b> tu cl\u00ednica dental de confianza en Alm\u00e0ssera<\/h3><\/div>\t\t<\/div>\n\t\t\t\t<\/div>\n\t\t\t\t<div class=\"elementor-element elementor-element-e6a7df0 elementor-widget elementor-widget-text-editor\" data-id=\"e6a7df0\" data-element_type=\"widget\" data-widget_type=\"text-editor.default\">\n\t\t\t\t<div class=\"elementor-widget-container\">\n\t\t\t\t\t\t\t<a class=\"white-btn\" href=\"tel:+34960238259\">LLAMAR 960 238 259<\/a>\t\t\t\t\t\t<\/div>\n\t\t\t\t<\/div>\n\t\t\t\t<div class=\"elementor-element elementor-element-1aa39e2 elementor-widget elementor-widget-text-editor\" data-id=\"1aa39e2\" data-element_type=\"widget\" data-widget_type=\"text-editor.default\">\n\t\t\t\t<div class=\"elementor-widget-container\">\n\t\t\t\t\t\t\t<p><a class=\"white-btn\" href=\"https:\/\/wa.me\/+34615218989\">WHATSAPP<\/a><\/p>\t\t\t\t\t\t<\/div>\n\t\t\t\t<\/div>\n\t\t\t\t\t<\/div>\n\t\t<\/div>\n\t\t\t\t\t<\/div>\n\t\t<\/section>\n\t\t\t\t\t<\/div>\n\t\t<\/div>\n\t\t\t\t\t<\/div>\n\t\t<\/section>\n\t\t\t\t<\/div>","protected":false},"excerpt":{"rendered":"<p>Jose Vi\u00f1a Cirug\u00eda \/ Implantolog\u00eda \/ Periodoncia &#8211; Licenciado en Odontolog\u00eda. Universidad Alfonso X el Sabio. Madrid.&#8211; M\u00e1ster en Cirug\u00eda Bucal e Implantolog\u00eda. Universitat de Val\u00e8ncia&#8211; Doctor en Odontolog\u00eda. Universitat de Val\u00e8ncia&#8211; Profesor del M\u00e1ster en Cirug\u00eda Bucal e Implantolog\u00eda (2012-2021).\u00a0Universitat de Val\u00e8ncia&#8211; Profesor Asociado de Cirug\u00eda Bucal (2016-actualidad). Universitat de Val\u00e8ncia&#8211; Miembro de la Sociedad espa\u00f1ola de Cirug\u00eda Bucal&#8230;<\/p>","protected":false},"author":1,"featured_media":1018,"parent":0,"menu_order":0,"comment_status":"closed","ping_status":"closed","template":"my-templates\/template-fullscreen.php","meta":{"_acf_changed":false,"footnotes":""},"class_list":["post-1274","page","type-page","status-publish","has-post-thumbnail","hentry"],"acf":[],"yoast_head":"<!-- This site is optimized with the Yoast SEO plugin v24.4 - https:\/\/yoast.com\/wordpress\/plugins\/seo\/ -->\n<title>JOSE VI\u00d1A - Cl\u00ednica Dental Vi\u00f1a<\/title>\n<meta name=\"robots\" content=\"noindex, follow, max-snippet:-1, max-image-preview:large, max-video-preview:-1\" \/>\n<meta property=\"og:locale\" content=\"en_GB\" \/>\n<meta property=\"og:type\" content=\"article\" \/>\n<meta property=\"og:title\" content=\"JOSE VI\u00d1A - Cl\u00ednica Dental Vi\u00f1a\" \/>\n<meta property=\"og:description\" content=\"Jose Vi\u00f1a Cirug\u00eda \/ Implantolog\u00eda \/ Periodoncia &#8211; Licenciado en Odontolog\u00eda. Universidad Alfonso X el Sabio. Madrid.&#8211; M\u00e1ster en Cirug\u00eda Bucal e Implantolog\u00eda. Universitat de Val\u00e8ncia&#8211; Doctor en Odontolog\u00eda. Universitat de Val\u00e8ncia&#8211; Profesor del M\u00e1ster en Cirug\u00eda Bucal e Implantolog\u00eda (2012-2021).\u00a0Universitat de Val\u00e8ncia&#8211; Profesor Asociado de Cirug\u00eda Bucal (2016-actualidad). Universitat de Val\u00e8ncia&#8211; Miembro de la Sociedad espa\u00f1ola de Cirug\u00eda Bucal...\" \/>\n<meta property=\"og:url\" content=\"https:\/\/dentalvina.es\/en\/jose-vina\/\" \/>\n<meta property=\"og:site_name\" content=\"Cl\u00ednica Dental Vi\u00f1a\" \/>\n<meta property=\"article:modified_time\" content=\"2025-08-22T09:06:25+00:00\" \/>\n<meta property=\"og:image\" content=\"https:\/\/dentalvina.es\/wp-content\/uploads\/2024\/12\/fondo-dental-vina-almassera-clinica.jpg\" \/>\n\t<meta property=\"og:image:width\" content=\"1920\" \/>\n\t<meta property=\"og:image:height\" content=\"700\" \/>\n\t<meta property=\"og:image:type\" content=\"image\/jpeg\" \/>\n<meta name=\"twitter:card\" content=\"summary_large_image\" \/>\n<meta name=\"twitter:label1\" content=\"Estimated reading time\" \/>\n\t<meta name=\"twitter:data1\" content=\"1 minute\" \/>\n<script type=\"application\/ld+json\" class=\"yoast-schema-graph\">{\"@context\":\"https:\/\/schema.org\",\"@graph\":[{\"@type\":\"WebPage\",\"@id\":\"https:\/\/dentalvina.es\/jose-vina\/\",\"url\":\"https:\/\/dentalvina.es\/jose-vina\/\",\"name\":\"JOSE VI\u00d1A - Cl\u00ednica Dental Vi\u00f1a\",\"isPartOf\":{\"@id\":\"https:\/\/dentalvina.es\/#website\"},\"primaryImageOfPage\":{\"@id\":\"https:\/\/dentalvina.es\/jose-vina\/#primaryimage\"},\"image\":{\"@id\":\"https:\/\/dentalvina.es\/jose-vina\/#primaryimage\"},\"thumbnailUrl\":\"https:\/\/dentalvina.es\/wp-content\/uploads\/2024\/12\/fondo-dental-vina-almassera-clinica.jpg\",\"datePublished\":\"2024-12-17T11:54:41+00:00\",\"dateModified\":\"2025-08-22T09:06:25+00:00\",\"breadcrumb\":{\"@id\":\"https:\/\/dentalvina.es\/jose-vina\/#breadcrumb\"},\"inLanguage\":\"en-GB\",\"potentialAction\":[{\"@type\":\"ReadAction\",\"target\":[\"https:\/\/dentalvina.es\/jose-vina\/\"]}]},{\"@type\":\"ImageObject\",\"inLanguage\":\"en-GB\",\"@id\":\"https:\/\/dentalvina.es\/jose-vina\/#primaryimage\",\"url\":\"https:\/\/dentalvina.es\/wp-content\/uploads\/2024\/12\/fondo-dental-vina-almassera-clinica.jpg\",\"contentUrl\":\"https:\/\/dentalvina.es\/wp-content\/uploads\/2024\/12\/fondo-dental-vina-almassera-clinica.jpg\",\"width\":1920,\"height\":700},{\"@type\":\"BreadcrumbList\",\"@id\":\"https:\/\/dentalvina.es\/jose-vina\/#breadcrumb\",\"itemListElement\":[{\"@type\":\"ListItem\",\"position\":1,\"name\":\"Portada\",\"item\":\"https:\/\/dentalvina.es\/\"},{\"@type\":\"ListItem\",\"position\":2,\"name\":\"JOSE VI\u00d1A\"}]},{\"@type\":\"WebSite\",\"@id\":\"https:\/\/dentalvina.es\/#website\",\"url\":\"https:\/\/dentalvina.es\/\",\"name\":\"Cl\u00ednica Dental Vi\u00f1a\",\"description\":\"Dentista en Alm\u00e0ssera\",\"publisher\":{\"@id\":\"https:\/\/dentalvina.es\/#organization\"},\"potentialAction\":[{\"@type\":\"SearchAction\",\"target\":{\"@type\":\"EntryPoint\",\"urlTemplate\":\"https:\/\/dentalvina.es\/?s={search_term_string}\"},\"query-input\":{\"@type\":\"PropertyValueSpecification\",\"valueRequired\":true,\"valueName\":\"search_term_string\"}}],\"inLanguage\":\"en-GB\"},{\"@type\":\"Organization\",\"@id\":\"https:\/\/dentalvina.es\/#organization\",\"name\":\"Cl\u00ednica Dental Vi\u00f1a\",\"url\":\"https:\/\/dentalvina.es\/\",\"logo\":{\"@type\":\"ImageObject\",\"inLanguage\":\"en-GB\",\"@id\":\"https:\/\/dentalvina.es\/#\/schema\/logo\/image\/\",\"url\":\"https:\/\/dentalvina.es\/wp-content\/uploads\/2025\/01\/logo-dental-vina-250x124-1.jpg\",\"contentUrl\":\"https:\/\/dentalvina.es\/wp-content\/uploads\/2025\/01\/logo-dental-vina-250x124-1.jpg\",\"width\":250,\"height\":124,\"caption\":\"Cl\u00ednica Dental Vi\u00f1a\"},\"image\":{\"@id\":\"https:\/\/dentalvina.es\/#\/schema\/logo\/image\/\"},\"sameAs\":[\"https:\/\/www.instagram.com\/clinicadentalvina\/\"]}]}<\/script>\n<!-- \/ Yoast SEO plugin. -->","yoast_head_json":{"title":"JOSE VI\u00d1A - Cl\u00ednica Dental Vi\u00f1a","robots":{"index":"noindex","follow":"follow","max-snippet":"max-snippet:-1","max-image-preview":"max-image-preview:large","max-video-preview":"max-video-preview:-1"},"og_locale":"en_GB","og_type":"article","og_title":"JOSE VI\u00d1A - Cl\u00ednica Dental Vi\u00f1a","og_description":"Jose Vi\u00f1a Cirug\u00eda \/ Implantolog\u00eda \/ Periodoncia &#8211; Licenciado en Odontolog\u00eda. Universidad Alfonso X el Sabio. Madrid.&#8211; M\u00e1ster en Cirug\u00eda Bucal e Implantolog\u00eda. Universitat de Val\u00e8ncia&#8211; Doctor en Odontolog\u00eda. Universitat de Val\u00e8ncia&#8211; Profesor del M\u00e1ster en Cirug\u00eda Bucal e Implantolog\u00eda (2012-2021).\u00a0Universitat de Val\u00e8ncia&#8211; Profesor Asociado de Cirug\u00eda Bucal (2016-actualidad). Universitat de Val\u00e8ncia&#8211; Miembro de la Sociedad espa\u00f1ola de Cirug\u00eda Bucal...","og_url":"https:\/\/dentalvina.es\/en\/jose-vina\/","og_site_name":"Cl\u00ednica Dental Vi\u00f1a","article_modified_time":"2025-08-22T09:06:25+00:00","og_image":[{"width":1920,"height":700,"url":"https:\/\/dentalvina.es\/wp-content\/uploads\/2024\/12\/fondo-dental-vina-almassera-clinica.jpg","type":"image\/jpeg"}],"twitter_card":"summary_large_image","twitter_misc":{"Estimated reading time":"1 minute"},"schema":{"@context":"https:\/\/schema.org","@graph":[{"@type":"WebPage","@id":"https:\/\/dentalvina.es\/jose-vina\/","url":"https:\/\/dentalvina.es\/jose-vina\/","name":"JOSE VI\u00d1A - Cl\u00ednica Dental Vi\u00f1a","isPartOf":{"@id":"https:\/\/dentalvina.es\/#website"},"primaryImageOfPage":{"@id":"https:\/\/dentalvina.es\/jose-vina\/#primaryimage"},"image":{"@id":"https:\/\/dentalvina.es\/jose-vina\/#primaryimage"},"thumbnailUrl":"https:\/\/dentalvina.es\/wp-content\/uploads\/2024\/12\/fondo-dental-vina-almassera-clinica.jpg","datePublished":"2024-12-17T11:54:41+00:00","dateModified":"2025-08-22T09:06:25+00:00","breadcrumb":{"@id":"https:\/\/dentalvina.es\/jose-vina\/#breadcrumb"},"inLanguage":"en-GB","potentialAction":[{"@type":"ReadAction","target":["https:\/\/dentalvina.es\/jose-vina\/"]}]},{"@type":"ImageObject","inLanguage":"en-GB","@id":"https:\/\/dentalvina.es\/jose-vina\/#primaryimage","url":"https:\/\/dentalvina.es\/wp-content\/uploads\/2024\/12\/fondo-dental-vina-almassera-clinica.jpg","contentUrl":"https:\/\/dentalvina.es\/wp-content\/uploads\/2024\/12\/fondo-dental-vina-almassera-clinica.jpg","width":1920,"height":700},{"@type":"BreadcrumbList","@id":"https:\/\/dentalvina.es\/jose-vina\/#breadcrumb","itemListElement":[{"@type":"ListItem","position":1,"name":"Portada","item":"https:\/\/dentalvina.es\/"},{"@type":"ListItem","position":2,"name":"JOSE VI\u00d1A"}]},{"@type":"WebSite","@id":"https:\/\/dentalvina.es\/#website","url":"https:\/\/dentalvina.es\/","name":"Cl\u00ednica Dental Vi\u00f1a","description":"Dentista en Alm\u00e0ssera","publisher":{"@id":"https:\/\/dentalvina.es\/#organization"},"potentialAction":[{"@type":"SearchAction","target":{"@type":"EntryPoint","urlTemplate":"https:\/\/dentalvina.es\/?s={search_term_string}"},"query-input":{"@type":"PropertyValueSpecification","valueRequired":true,"valueName":"search_term_string"}}],"inLanguage":"en-GB"},{"@type":"Organization","@id":"https:\/\/dentalvina.es\/#organization","name":"Cl\u00ednica Dental Vi\u00f1a","url":"https:\/\/dentalvina.es\/","logo":{"@type":"ImageObject","inLanguage":"en-GB","@id":"https:\/\/dentalvina.es\/#\/schema\/logo\/image\/","url":"https:\/\/dentalvina.es\/wp-content\/uploads\/2025\/01\/logo-dental-vina-250x124-1.jpg","contentUrl":"https:\/\/dentalvina.es\/wp-content\/uploads\/2025\/01\/logo-dental-vina-250x124-1.jpg","width":250,"height":124,"caption":"Cl\u00ednica Dental Vi\u00f1a"},"image":{"@id":"https:\/\/dentalvina.es\/#\/schema\/logo\/image\/"},"sameAs":["https:\/\/www.instagram.com\/clinicadentalvina\/"]}]}},"_links":{"self":[{"href":"https:\/\/dentalvina.es\/en\/wp-json\/wp\/v2\/pages\/1274","targetHints":{"allow":["GET"]}}],"collection":[{"href":"https:\/\/dentalvina.es\/en\/wp-json\/wp\/v2\/pages"}],"about":[{"href":"https:\/\/dentalvina.es\/en\/wp-json\/wp\/v2\/types\/page"}],"author":[{"embeddable":true,"href":"https:\/\/dentalvina.es\/en\/wp-json\/wp\/v2\/users\/1"}],"replies":[{"embeddable":true,"href":"https:\/\/dentalvina.es\/en\/wp-json\/wp\/v2\/comments?post=1274"}],"version-history":[{"count":34,"href":"https:\/\/dentalvina.es\/en\/wp-json\/wp\/v2\/pages\/1274\/revisions"}],"predecessor-version":[{"id":3046,"href":"https:\/\/dentalvina.es\/en\/wp-json\/wp\/v2\/pages\/1274\/revisions\/3046"}],"wp:featuredmedia":[{"embeddable":true,"href":"https:\/\/dentalvina.es\/en\/wp-json\/wp\/v2\/media\/1018"}],"wp:attachment":[{"href":"https:\/\/dentalvina.es\/en\/wp-json\/wp\/v2\/media?parent=1274"}],"curies":[{"name":"wp","href":"https:\/\/api.w.org\/{rel}","templated":true}]}}