{"id":1298,"date":"2024-12-17T13:18:47","date_gmt":"2024-12-17T12:18:47","guid":{"rendered":"https:\/\/dentalvinaweb.grupoicsolutions.com\/?page_id=1298"},"modified":"2025-08-22T12:29:19","modified_gmt":"2025-08-22T10:29:19","slug":"gonzalo-julian","status":"publish","type":"page","link":"https:\/\/dentalvina.es\/en\/gonzalo-julian\/","title":{"rendered":"GONZALO JULI\u00c1N"},"content":{"rendered":"<div data-elementor-type=\"wp-post\" data-elementor-id=\"1298\" class=\"elementor elementor-1298\">\n\t\t\t\t\t\t<section class=\"elementor-section elementor-top-section elementor-element elementor-element-86cf2d4 elementor-section-full_width elementor-section-height-default elementor-section-height-default\" data-id=\"86cf2d4\" data-element_type=\"section\" data-settings=\"{&quot;background_background&quot;:&quot;classic&quot;}\">\n\t\t\t\t\t\t<div class=\"elementor-container elementor-column-gap-default\">\n\t\t\t\t\t<div class=\"elementor-column elementor-col-100 elementor-top-column elementor-element elementor-element-0b8dbfe\" data-id=\"0b8dbfe\" data-element_type=\"column\">\n\t\t\t<div class=\"elementor-widget-wrap elementor-element-populated\">\n\t\t\t\t\t\t<section class=\"elementor-section elementor-inner-section elementor-element elementor-element-d30dfca elementor-section-boxed elementor-section-height-default elementor-section-height-default\" data-id=\"d30dfca\" data-element_type=\"section\">\n\t\t\t\t\t\t<div class=\"elementor-container elementor-column-gap-default\">\n\t\t\t\t\t<div class=\"elementor-column elementor-col-50 elementor-inner-column elementor-element elementor-element-ae5ae23\" data-id=\"ae5ae23\" data-element_type=\"column\">\n\t\t\t<div class=\"elementor-widget-wrap elementor-element-populated\">\n\t\t\t\t\t\t<div class=\"elementor-element elementor-element-2f28825 elementor-widget elementor-widget-image\" data-id=\"2f28825\" data-element_type=\"widget\" data-widget_type=\"image.default\">\n\t\t\t\t<div class=\"elementor-widget-container\">\n\t\t\t\t\t\t\t\t\t\t\t\t\t<img decoding=\"async\" src=\"https:\/\/dentalvina.es\/wp-content\/uploads\/elementor\/thumbs\/02-gonzalo-julian-qyqab40u8bzehis5zbcyb7lk8z3ylmeomlzwlf02bc.jpg\" title=\"02-gonzalo-julian\" alt=\"02-gonzalo-julian\" loading=\"lazy\" \/>\t\t\t\t\t\t\t\t\t\t\t\t\t<\/div>\n\t\t\t\t<\/div>\n\t\t\t\t<div class=\"elementor-element elementor-element-531d07e team-desc elementor-widget elementor-widget-text-editor\" data-id=\"531d07e\" data-element_type=\"widget\" data-widget_type=\"text-editor.default\">\n\t\t\t\t<div class=\"elementor-widget-container\">\n\t\t\t\t\t\t\t<h3 class=\"team-title\">Gonzalo Juli\u00e1n<\/h3>\n<div class=\"smalltitle\">Ortodoncia \/ Ortopedia dentofacial<\/div>\t\t\t\t\t\t<\/div>\n\t\t\t\t<\/div>\n\t\t\t\t\t<\/div>\n\t\t<\/div>\n\t\t\t\t<div class=\"elementor-column elementor-col-50 elementor-inner-column elementor-element elementor-element-64b16d7\" data-id=\"64b16d7\" data-element_type=\"column\">\n\t\t\t<div class=\"elementor-widget-wrap elementor-element-populated\">\n\t\t\t\t\t\t<div class=\"elementor-element elementor-element-fc1989f elementor-widget__width-initial elementor-widget elementor-widget-text-editor\" data-id=\"fc1989f\" data-element_type=\"widget\" data-widget_type=\"text-editor.default\">\n\t\t\t\t<div class=\"elementor-widget-container\">\n\t\t\t\t\t\t\t<p>&#8211; Licenciado en Odontolog\u00eda. Universidad de Valencia.<br \/>&#8211; M\u00e1ster de Especializaci\u00f3n en Ortodoncia. Universidad de Valencia.<br \/>&#8211; M\u00e1ster en Ciencias Odontol\u00f3gicas. Universidad de Valencia.<br \/>&#8211; M\u00e1ster en Odontolog\u00eda Cl\u00ednica Individual y Comunitaria. Universidad de Valencia.<br \/>&#8211; Brussels Bollard Course. Dr. Hugo de Clerck. Bruselas, B\u00e9lgica.<br \/>&#8211; Posgrado en ortodoncia Charles Tweed Foundation for Orthodontic Research. Tucson, Arizona. USA.<br \/>&#8211; Certificado en Ortodoncia invisible Invisalign<br \/>&#8211; Certificado en Ortodoncia lingual Incognito<br \/>&#8211; Miembro de la Asociaci\u00f3n Espa\u00f1ola de Especialistas en Ortodoncia.<br \/>&#8211; Miembro Afiliado de la Sociedad Espa\u00f1ola de Ortodoncia.<\/p>\t\t\t\t\t\t<\/div>\n\t\t\t\t<\/div>\n\t\t\t\t\t<\/div>\n\t\t<\/div>\n\t\t\t\t\t<\/div>\n\t\t<\/section>\n\t\t\t\t\t<\/div>\n\t\t<\/div>\n\t\t\t\t\t<\/div>\n\t\t<\/section>\n\t\t\t\t<section class=\"elementor-section elementor-top-section elementor-element elementor-element-c5858e1 elementor-section-full_width elementor-section-height-default elementor-section-height-default\" data-id=\"c5858e1\" data-element_type=\"section\" data-settings=\"{&quot;background_background&quot;:&quot;classic&quot;}\">\n\t\t\t\t\t\t\t<div class=\"elementor-background-overlay\"><\/div>\n\t\t\t\t\t\t\t<div class=\"elementor-container elementor-column-gap-default\">\n\t\t\t\t\t<div class=\"elementor-column elementor-col-100 elementor-top-column elementor-element elementor-element-80236ea\" data-id=\"80236ea\" data-element_type=\"column\">\n\t\t\t<div class=\"elementor-widget-wrap elementor-element-populated\">\n\t\t\t\t\t\t<section class=\"elementor-section elementor-inner-section elementor-element elementor-element-f805d37 elementor-section-boxed elementor-section-height-default elementor-section-height-default\" data-id=\"f805d37\" data-element_type=\"section\">\n\t\t\t\t\t\t<div class=\"elementor-container elementor-column-gap-default\">\n\t\t\t\t\t<div class=\"elementor-column elementor-col-100 elementor-inner-column elementor-element elementor-element-c10c6f7\" data-id=\"c10c6f7\" data-element_type=\"column\">\n\t\t\t<div class=\"elementor-widget-wrap elementor-element-populated\">\n\t\t\t\t\t\t<div class=\"elementor-element elementor-element-fc5dfd8 elementor-widget elementor-widget-heading\" data-id=\"fc5dfd8\" data-element_type=\"widget\" data-widget_type=\"heading.default\">\n\t\t\t\t<div class=\"elementor-widget-container\">\n\t\t\t<h2 class=\"elementor-heading-title elementor-size-default\">PIDE TU CITA<\/h2>\t\t<\/div>\n\t\t\t\t<\/div>\n\t\t\t\t<div class=\"elementor-element elementor-element-ed36dba elementor-widget elementor-widget-heading\" data-id=\"ed36dba\" data-element_type=\"widget\" data-widget_type=\"heading.default\">\n\t\t\t\t<div class=\"elementor-widget-container\">\n\t\t\t<div class=\"elementor-heading-title elementor-size-default\"><h3 style=\"font-size: 24px\">DENTAL <b>VI\u00d1A<\/b> tu cl\u00ednica dental de confianza en Alm\u00e0ssera<\/h3><\/div>\t\t<\/div>\n\t\t\t\t<\/div>\n\t\t\t\t<div class=\"elementor-element elementor-element-12c2d60 elementor-widget elementor-widget-text-editor\" data-id=\"12c2d60\" data-element_type=\"widget\" data-widget_type=\"text-editor.default\">\n\t\t\t\t<div class=\"elementor-widget-container\">\n\t\t\t\t\t\t\t<a class=\"white-btn\" href=\"tel:+34960238259\">LLAMAR 960 238 259<\/a>\t\t\t\t\t\t<\/div>\n\t\t\t\t<\/div>\n\t\t\t\t<div class=\"elementor-element elementor-element-279511b elementor-widget elementor-widget-text-editor\" data-id=\"279511b\" data-element_type=\"widget\" data-widget_type=\"text-editor.default\">\n\t\t\t\t<div class=\"elementor-widget-container\">\n\t\t\t\t\t\t\t<p><a class=\"white-btn\" href=\"https:\/\/wa.me\/+34615218989\">WHATSAPP<\/a><\/p>\t\t\t\t\t\t<\/div>\n\t\t\t\t<\/div>\n\t\t\t\t\t<\/div>\n\t\t<\/div>\n\t\t\t\t\t<\/div>\n\t\t<\/section>\n\t\t\t\t\t<\/div>\n\t\t<\/div>\n\t\t\t\t\t<\/div>\n\t\t<\/section>\n\t\t\t\t<\/div>","protected":false},"excerpt":{"rendered":"<p>Gonzalo Juli\u00e1n Ortodoncia \/ Ortopedia dentofacial &#8211; Licenciado en Odontolog\u00eda. Universidad de Valencia.&#8211; M\u00e1ster de Especializaci\u00f3n en Ortodoncia. Universidad de Valencia.&#8211; M\u00e1ster en Ciencias Odontol\u00f3gicas. Universidad de Valencia.&#8211; M\u00e1ster en Odontolog\u00eda Cl\u00ednica Individual y Comunitaria. Universidad de Valencia.&#8211; Brussels Bollard Course. Dr. Hugo de Clerck. Bruselas, B\u00e9lgica.&#8211; Posgrado en ortodoncia Charles Tweed Foundation for Orthodontic Research. Tucson, Arizona. USA.&#8211; Certificado&#8230;<\/p>","protected":false},"author":1,"featured_media":1018,"parent":0,"menu_order":0,"comment_status":"closed","ping_status":"closed","template":"my-templates\/template-fullscreen.php","meta":{"_acf_changed":false,"footnotes":""},"class_list":["post-1298","page","type-page","status-publish","has-post-thumbnail","hentry"],"acf":[],"yoast_head":"<!-- This site is optimized with the Yoast SEO plugin v24.4 - https:\/\/yoast.com\/wordpress\/plugins\/seo\/ -->\n<title>GONZALO JULI\u00c1N - Cl\u00ednica Dental Vi\u00f1a<\/title>\n<meta name=\"robots\" content=\"noindex, follow, max-snippet:-1, max-image-preview:large, max-video-preview:-1\" \/>\n<meta property=\"og:locale\" content=\"en_GB\" \/>\n<meta property=\"og:type\" content=\"article\" \/>\n<meta property=\"og:title\" content=\"GONZALO JULI\u00c1N - Cl\u00ednica Dental Vi\u00f1a\" \/>\n<meta property=\"og:description\" content=\"Gonzalo Juli\u00e1n Ortodoncia \/ Ortopedia dentofacial &#8211; Licenciado en Odontolog\u00eda. Universidad de Valencia.&#8211; M\u00e1ster de Especializaci\u00f3n en Ortodoncia. Universidad de Valencia.&#8211; M\u00e1ster en Ciencias Odontol\u00f3gicas. Universidad de Valencia.&#8211; M\u00e1ster en Odontolog\u00eda Cl\u00ednica Individual y Comunitaria. Universidad de Valencia.&#8211; Brussels Bollard Course. Dr. Hugo de Clerck. Bruselas, B\u00e9lgica.&#8211; Posgrado en ortodoncia Charles Tweed Foundation for Orthodontic Research. Tucson, Arizona. USA.&#8211; Certificado...\" \/>\n<meta property=\"og:url\" content=\"https:\/\/dentalvina.es\/en\/gonzalo-julian\/\" \/>\n<meta property=\"og:site_name\" content=\"Cl\u00ednica Dental Vi\u00f1a\" \/>\n<meta property=\"article:modified_time\" content=\"2025-08-22T10:29:19+00:00\" \/>\n<meta property=\"og:image\" content=\"https:\/\/dentalvina.es\/wp-content\/uploads\/2024\/12\/fondo-dental-vina-almassera-clinica.jpg\" \/>\n\t<meta property=\"og:image:width\" content=\"1920\" \/>\n\t<meta property=\"og:image:height\" content=\"700\" \/>\n\t<meta property=\"og:image:type\" content=\"image\/jpeg\" \/>\n<meta name=\"twitter:card\" content=\"summary_large_image\" \/>\n<meta name=\"twitter:label1\" content=\"Estimated reading time\" \/>\n\t<meta name=\"twitter:data1\" content=\"1 minute\" \/>\n<script type=\"application\/ld+json\" class=\"yoast-schema-graph\">{\"@context\":\"https:\/\/schema.org\",\"@graph\":[{\"@type\":\"WebPage\",\"@id\":\"https:\/\/dentalvina.es\/gonzalo-julian\/\",\"url\":\"https:\/\/dentalvina.es\/gonzalo-julian\/\",\"name\":\"GONZALO JULI\u00c1N - Cl\u00ednica Dental Vi\u00f1a\",\"isPartOf\":{\"@id\":\"https:\/\/dentalvina.es\/#website\"},\"primaryImageOfPage\":{\"@id\":\"https:\/\/dentalvina.es\/gonzalo-julian\/#primaryimage\"},\"image\":{\"@id\":\"https:\/\/dentalvina.es\/gonzalo-julian\/#primaryimage\"},\"thumbnailUrl\":\"https:\/\/dentalvina.es\/wp-content\/uploads\/2024\/12\/fondo-dental-vina-almassera-clinica.jpg\",\"datePublished\":\"2024-12-17T12:18:47+00:00\",\"dateModified\":\"2025-08-22T10:29:19+00:00\",\"breadcrumb\":{\"@id\":\"https:\/\/dentalvina.es\/gonzalo-julian\/#breadcrumb\"},\"inLanguage\":\"en-GB\",\"potentialAction\":[{\"@type\":\"ReadAction\",\"target\":[\"https:\/\/dentalvina.es\/gonzalo-julian\/\"]}]},{\"@type\":\"ImageObject\",\"inLanguage\":\"en-GB\",\"@id\":\"https:\/\/dentalvina.es\/gonzalo-julian\/#primaryimage\",\"url\":\"https:\/\/dentalvina.es\/wp-content\/uploads\/2024\/12\/fondo-dental-vina-almassera-clinica.jpg\",\"contentUrl\":\"https:\/\/dentalvina.es\/wp-content\/uploads\/2024\/12\/fondo-dental-vina-almassera-clinica.jpg\",\"width\":1920,\"height\":700},{\"@type\":\"BreadcrumbList\",\"@id\":\"https:\/\/dentalvina.es\/gonzalo-julian\/#breadcrumb\",\"itemListElement\":[{\"@type\":\"ListItem\",\"position\":1,\"name\":\"Portada\",\"item\":\"https:\/\/dentalvina.es\/\"},{\"@type\":\"ListItem\",\"position\":2,\"name\":\"GONZALO JULI\u00c1N\"}]},{\"@type\":\"WebSite\",\"@id\":\"https:\/\/dentalvina.es\/#website\",\"url\":\"https:\/\/dentalvina.es\/\",\"name\":\"Cl\u00ednica Dental Vi\u00f1a\",\"description\":\"Dentista en Alm\u00e0ssera\",\"publisher\":{\"@id\":\"https:\/\/dentalvina.es\/#organization\"},\"potentialAction\":[{\"@type\":\"SearchAction\",\"target\":{\"@type\":\"EntryPoint\",\"urlTemplate\":\"https:\/\/dentalvina.es\/?s={search_term_string}\"},\"query-input\":{\"@type\":\"PropertyValueSpecification\",\"valueRequired\":true,\"valueName\":\"search_term_string\"}}],\"inLanguage\":\"en-GB\"},{\"@type\":\"Organization\",\"@id\":\"https:\/\/dentalvina.es\/#organization\",\"name\":\"Cl\u00ednica Dental Vi\u00f1a\",\"url\":\"https:\/\/dentalvina.es\/\",\"logo\":{\"@type\":\"ImageObject\",\"inLanguage\":\"en-GB\",\"@id\":\"https:\/\/dentalvina.es\/#\/schema\/logo\/image\/\",\"url\":\"https:\/\/dentalvina.es\/wp-content\/uploads\/2025\/01\/logo-dental-vina-250x124-1.jpg\",\"contentUrl\":\"https:\/\/dentalvina.es\/wp-content\/uploads\/2025\/01\/logo-dental-vina-250x124-1.jpg\",\"width\":250,\"height\":124,\"caption\":\"Cl\u00ednica Dental Vi\u00f1a\"},\"image\":{\"@id\":\"https:\/\/dentalvina.es\/#\/schema\/logo\/image\/\"},\"sameAs\":[\"https:\/\/www.instagram.com\/clinicadentalvina\/\"]}]}<\/script>\n<!-- \/ Yoast SEO plugin. -->","yoast_head_json":{"title":"GONZALO JULI\u00c1N - Cl\u00ednica Dental Vi\u00f1a","robots":{"index":"noindex","follow":"follow","max-snippet":"max-snippet:-1","max-image-preview":"max-image-preview:large","max-video-preview":"max-video-preview:-1"},"og_locale":"en_GB","og_type":"article","og_title":"GONZALO JULI\u00c1N - Cl\u00ednica Dental Vi\u00f1a","og_description":"Gonzalo Juli\u00e1n Ortodoncia \/ Ortopedia dentofacial &#8211; Licenciado en Odontolog\u00eda. Universidad de Valencia.&#8211; M\u00e1ster de Especializaci\u00f3n en Ortodoncia. Universidad de Valencia.&#8211; M\u00e1ster en Ciencias Odontol\u00f3gicas. Universidad de Valencia.&#8211; M\u00e1ster en Odontolog\u00eda Cl\u00ednica Individual y Comunitaria. Universidad de Valencia.&#8211; Brussels Bollard Course. Dr. Hugo de Clerck. Bruselas, B\u00e9lgica.&#8211; Posgrado en ortodoncia Charles Tweed Foundation for Orthodontic Research. Tucson, Arizona. USA.&#8211; Certificado...","og_url":"https:\/\/dentalvina.es\/en\/gonzalo-julian\/","og_site_name":"Cl\u00ednica Dental Vi\u00f1a","article_modified_time":"2025-08-22T10:29:19+00:00","og_image":[{"width":1920,"height":700,"url":"https:\/\/dentalvina.es\/wp-content\/uploads\/2024\/12\/fondo-dental-vina-almassera-clinica.jpg","type":"image\/jpeg"}],"twitter_card":"summary_large_image","twitter_misc":{"Estimated reading time":"1 minute"},"schema":{"@context":"https:\/\/schema.org","@graph":[{"@type":"WebPage","@id":"https:\/\/dentalvina.es\/gonzalo-julian\/","url":"https:\/\/dentalvina.es\/gonzalo-julian\/","name":"GONZALO JULI\u00c1N - Cl\u00ednica Dental Vi\u00f1a","isPartOf":{"@id":"https:\/\/dentalvina.es\/#website"},"primaryImageOfPage":{"@id":"https:\/\/dentalvina.es\/gonzalo-julian\/#primaryimage"},"image":{"@id":"https:\/\/dentalvina.es\/gonzalo-julian\/#primaryimage"},"thumbnailUrl":"https:\/\/dentalvina.es\/wp-content\/uploads\/2024\/12\/fondo-dental-vina-almassera-clinica.jpg","datePublished":"2024-12-17T12:18:47+00:00","dateModified":"2025-08-22T10:29:19+00:00","breadcrumb":{"@id":"https:\/\/dentalvina.es\/gonzalo-julian\/#breadcrumb"},"inLanguage":"en-GB","potentialAction":[{"@type":"ReadAction","target":["https:\/\/dentalvina.es\/gonzalo-julian\/"]}]},{"@type":"ImageObject","inLanguage":"en-GB","@id":"https:\/\/dentalvina.es\/gonzalo-julian\/#primaryimage","url":"https:\/\/dentalvina.es\/wp-content\/uploads\/2024\/12\/fondo-dental-vina-almassera-clinica.jpg","contentUrl":"https:\/\/dentalvina.es\/wp-content\/uploads\/2024\/12\/fondo-dental-vina-almassera-clinica.jpg","width":1920,"height":700},{"@type":"BreadcrumbList","@id":"https:\/\/dentalvina.es\/gonzalo-julian\/#breadcrumb","itemListElement":[{"@type":"ListItem","position":1,"name":"Portada","item":"https:\/\/dentalvina.es\/"},{"@type":"ListItem","position":2,"name":"GONZALO JULI\u00c1N"}]},{"@type":"WebSite","@id":"https:\/\/dentalvina.es\/#website","url":"https:\/\/dentalvina.es\/","name":"Cl\u00ednica Dental Vi\u00f1a","description":"Dentista en Alm\u00e0ssera","publisher":{"@id":"https:\/\/dentalvina.es\/#organization"},"potentialAction":[{"@type":"SearchAction","target":{"@type":"EntryPoint","urlTemplate":"https:\/\/dentalvina.es\/?s={search_term_string}"},"query-input":{"@type":"PropertyValueSpecification","valueRequired":true,"valueName":"search_term_string"}}],"inLanguage":"en-GB"},{"@type":"Organization","@id":"https:\/\/dentalvina.es\/#organization","name":"Cl\u00ednica Dental Vi\u00f1a","url":"https:\/\/dentalvina.es\/","logo":{"@type":"ImageObject","inLanguage":"en-GB","@id":"https:\/\/dentalvina.es\/#\/schema\/logo\/image\/","url":"https:\/\/dentalvina.es\/wp-content\/uploads\/2025\/01\/logo-dental-vina-250x124-1.jpg","contentUrl":"https:\/\/dentalvina.es\/wp-content\/uploads\/2025\/01\/logo-dental-vina-250x124-1.jpg","width":250,"height":124,"caption":"Cl\u00ednica Dental Vi\u00f1a"},"image":{"@id":"https:\/\/dentalvina.es\/#\/schema\/logo\/image\/"},"sameAs":["https:\/\/www.instagram.com\/clinicadentalvina\/"]}]}},"_links":{"self":[{"href":"https:\/\/dentalvina.es\/en\/wp-json\/wp\/v2\/pages\/1298","targetHints":{"allow":["GET"]}}],"collection":[{"href":"https:\/\/dentalvina.es\/en\/wp-json\/wp\/v2\/pages"}],"about":[{"href":"https:\/\/dentalvina.es\/en\/wp-json\/wp\/v2\/types\/page"}],"author":[{"embeddable":true,"href":"https:\/\/dentalvina.es\/en\/wp-json\/wp\/v2\/users\/1"}],"replies":[{"embeddable":true,"href":"https:\/\/dentalvina.es\/en\/wp-json\/wp\/v2\/comments?post=1298"}],"version-history":[{"count":31,"href":"https:\/\/dentalvina.es\/en\/wp-json\/wp\/v2\/pages\/1298\/revisions"}],"predecessor-version":[{"id":3049,"href":"https:\/\/dentalvina.es\/en\/wp-json\/wp\/v2\/pages\/1298\/revisions\/3049"}],"wp:featuredmedia":[{"embeddable":true,"href":"https:\/\/dentalvina.es\/en\/wp-json\/wp\/v2\/media\/1018"}],"wp:attachment":[{"href":"https:\/\/dentalvina.es\/en\/wp-json\/wp\/v2\/media?parent=1298"}],"curies":[{"name":"wp","href":"https:\/\/api.w.org\/{rel}","templated":true}]}}