{"id":1720,"date":"2024-12-26T10:19:00","date_gmt":"2024-12-26T09:19:00","guid":{"rendered":"https:\/\/dentalvinaweb.grupoicsolutions.com\/?page_id=1720"},"modified":"2025-08-22T12:56:25","modified_gmt":"2025-08-22T10:56:25","slug":"politica-de-privacidad","status":"publish","type":"page","link":"https:\/\/dentalvina.es\/en\/politica-de-privacidad\/","title":{"rendered":"POL\u00cdTICA DE PRIVACIDAD"},"content":{"rendered":"<div data-elementor-type=\"wp-post\" data-elementor-id=\"1720\" class=\"elementor elementor-1720\">\n\t\t\t\t\t\t<section class=\"elementor-section elementor-top-section elementor-element elementor-element-c1df8eb elementor-section-boxed elementor-section-height-default elementor-section-height-default\" data-id=\"c1df8eb\" data-element_type=\"section\">\n\t\t\t\t\t\t<div class=\"elementor-container elementor-column-gap-default\">\n\t\t\t\t\t<div class=\"elementor-column elementor-col-100 elementor-top-column elementor-element elementor-element-46523eb\" data-id=\"46523eb\" data-element_type=\"column\">\n\t\t\t<div class=\"elementor-widget-wrap elementor-element-populated\">\n\t\t\t\t\t\t<div class=\"elementor-element elementor-element-41a0785 elementor-widget elementor-widget-text-editor\" data-id=\"41a0785\" data-element_type=\"widget\" data-widget_type=\"text-editor.default\">\n\t\t\t\t<div class=\"elementor-widget-container\">\n\t\t\t\t\t\t\t<p>Dental Vi\u00f1a le informa en esta p\u00e1gina sobre su Pol\u00edtica de Privacidad respecto del tratamiento y protecci\u00f3n de los datos de car\u00e1cter personal de los usuarios y clientes que puedan ser recabados durante la navegaci\u00f3n, al comprar un producto o contratar un servicio a trav\u00e9s de este sitio Web.<\/p><p>En este sentido, Dental Vi\u00f1a, cumple con el Reglamento (UE) 2016\/679 del Parlamento Europeo y del Consejo de 27 de abril de 2016 relativo a la protecci\u00f3n de las personas f\u00edsicas (RGPD) y garantiza el cumplimiento de la normativa vigente en materia de protecci\u00f3n de datos personales, reflejada en la Ley Org\u00e1nica 3\/2018, de 5 de diciembre, de Protecci\u00f3n de Datos Personales y de Garant\u00eda de Derechos Digitales (LOPD GDD).<\/p><p>El uso de sitio Web implica la aceptaci\u00f3n de esta Pol\u00edtica de Privacidad as\u00ed como las condiciones incluidas en el Aviso Legal.<\/p><p><strong>DATOS DEL RESPONSABLE DEL TRATAMIENTO<\/strong><\/p><ul><li>Identidad: Dental Vi\u00f1a (CIF: B40603433)<\/li><li>Direcci\u00f3n f\u00edsica: C\/ Ram\u00f3n y Cajal, 10 Bajo, Alm\u00e0ssera (Valencia).<\/li><li>Correo electr\u00f3nico: clinica@dentalvina.es<\/li><li>Tel\u00e9fono: (+34) 960 238 259<\/li><\/ul><p><b><strong>FINALIDAD DEL TRATAMIENTO DE LOS DATOS<\/strong><\/b><\/p><p>La finalidad principal del tratamiento ser\u00e1 gestionar los datos de los clientes a efectos de gesti\u00f3n de pedidos y presupuestos de los productos y servicios tecnol\u00f3gicos que ofertamos, facturaci\u00f3n, incidencias, atenci\u00f3n al cliente mediante servicio de consultas y servicio postventa de soporte y gesti\u00f3n de incidencias y calidad del servicio.<\/p><p>Adem\u00e1s permite usted expresamente al ceder sus datos que podamos contactar con usted por cualquier v\u00eda de contacto facilitada con el objetivo de realizar comunicaciones comerciales o informativas. Cuando usted se suscribe a nuestra gu\u00eda, o realiza un pedido o una consulta, nos facilita su correo electr\u00f3nico, su direcci\u00f3n postal y\/o su tel\u00e9fono y nos est\u00e1 autorizando expresamente a que le enviamos publicidad relacionada con nuestros productos y servicios por cualquier medio (postal, email o tel\u00e9fono) e invitarles a eventos organizados por la empresa.<\/p><p><b><strong>PLAZO DE CONSERVACI\u00d3N DE LOS DATOS<\/strong><\/b><\/p><p>Los datos se conservar\u00e1n en virtud de la legislaci\u00f3n aplicable en el derecho mercantil. Puede ejercer su derecho de cancelaci\u00f3n, rectificaci\u00f3n o eliminaci\u00f3n en cualquier momento.<\/p><p><b><strong>LEGITIMACI\u00d3N EN EL TRATAMIENTO DE LOS DATOS<\/strong><\/b><\/p><p>Base legal: Ejecuci\u00f3n de un contrato (mercantil)<br \/>Obligaci\u00f3n legal (Real Decreto Legislativo 1\/2007, de 16 de noviembre y otras normas complementarias, C\u00f3digo de Comercio)<\/p><p><b><strong>DESTINATARIOS DE LOS DATOS<\/strong><\/b><\/p><p>Cesionario(s): Administraci\u00f3n Tributaria, Entidades Bancarias, Administraci\u00f3n P\u00fablica con competencia en la materia, Empresas colaboradoras<\/p><p><b><strong>EJERCICIO DE DERECHOS<\/strong><\/b><\/p><p>Acceso, rectificaci\u00f3n, oposici\u00f3n, supresi\u00f3n, decisiones automatizadas, limitaci\u00f3n, portabilidad<\/p><p>Plazo de respuesta: 1 mes<\/p><p>Puede ejercer sus derechos a trav\u00e9s del siguiente medio: Email a\u00a0 clinica@dentalvina.es, aportando documentaci\u00f3n que acredite la identidad del solicitante (copia del anverso del Documento Nacional de Identidad, o equivalente)<\/p><p>En cualquier caso, puede solicitar la tutela de la Agencia Espa\u00f1ola de Protecci\u00f3n de Datos a trav\u00e9s de su p\u00e1gina web<\/p><p><b><strong>CAMBIOS EN LA PRESENTE POL\u00cdTICA DE PRIVACIDAD<\/strong><\/b><\/p><p>Nos reservamos el derecho a modificar la presente pol\u00edtica para adaptarla a novedades legislativas o jurisprudenciales, as\u00ed como a pr\u00e1cticas de la industria. En dichos supuestos, se publicar\u00e1n en esta p\u00e1gina los cambios introducidos.<\/p><table><tbody><tr><td colspan=\"2\" width=\"621\"><b>Tabla resumen\u00a0acerca de la privacidad de datos<\/b><\/td><\/tr><tr><td colspan=\"2\" width=\"621\"><strong><br \/>Datos del Responsable<\/strong><\/td><\/tr><tr><td style=\"text-align: left;\" width=\"177\">Identidad<\/td><td style=\"text-align: left;\" width=\"444\">Dental Vi\u00f1a (CIF: B40603433)<\/td><\/tr><tr><td style=\"text-align: left;\" width=\"177\">Direcci\u00f3n f\u00edsica<\/td><td style=\"text-align: left;\" width=\"444\">C\/ Ram\u00f3n y Cajal, 10 Bajo, Alm\u00e0ssera (Valencia).<\/td><\/tr><tr><td style=\"text-align: left;\" width=\"177\">Correo electr\u00f3nico<\/td><td width=\"444\">clinica@dentalvina.es<\/td><\/tr><tr><td style=\"text-align: left;\" width=\"177\">Tel\u00e9fono<\/td><td style=\"text-align: left;\" width=\"444\">(+34) 960 238 259<\/td><\/tr><tr><td colspan=\"2\" width=\"621\"><strong><br \/>Finalidad en el tratamiento de sus datos<\/strong><\/td><\/tr><tr><td style=\"text-align: left;\" width=\"177\">Principal<\/td><td style=\"text-align: left;\" width=\"444\">Gestionar los datos de los clientes a efectos de gesti\u00f3n de pedidos y presupuestos de los productos y servicios tecnol\u00f3gicos que ofertamos, facturaci\u00f3n, incidencias, atenci\u00f3n al cliente mediante servicio de consultas y servicio postventa de soporte y gesti\u00f3n de incidencias y calidad del servicio.<\/td><\/tr><tr><td style=\"text-align: left;\" width=\"177\">Plazos de conservaci\u00f3n<\/td><td style=\"text-align: left;\" width=\"444\">Los datos se conservar\u00e1n en virtud de la legislaci\u00f3n aplicable en el derecho mercantil<\/td><\/tr><tr><td colspan=\"2\" width=\"621\"><strong><br \/>Legitimaci\u00f3n en el tratamiento de sus datos<\/strong><\/td><\/tr><tr><td style=\"text-align: left;\" width=\"177\">Base legal<\/td><td width=\"444\"><p>Ejecuci\u00f3n de un contrato (mercantil)<\/p><p style=\"text-align: left;\">Obligaci\u00f3n legal (Real Decreto Legislativo 1\/2007, de 16 de noviembre y otras normas complementarias, C\u00f3digo de Comercio)<\/p><\/td><\/tr><tr><td colspan=\"2\" width=\"621\"><strong><br \/>Destinatarios de sus datos<\/strong><\/td><\/tr><tr><td style=\"text-align: left;\" width=\"177\">Cesionario(s)<\/td><td width=\"444\"><p style=\"text-align: left;\">Administraci\u00f3n Tributaria, Entidades Bancarias, Administraci\u00f3n P\u00fablica con competencia en la materia<\/p><p style=\"text-align: left;\">Empresas colaboradoras<\/p><\/td><\/tr><tr><td colspan=\"2\" width=\"621\"><strong><br \/>Ejercicio de derechos<\/strong><\/td><\/tr><tr><td width=\"177\"><p style=\"text-align: left;\">Acceso, rectificaci\u00f3n, oposici\u00f3n, supresi\u00f3n, decisiones automatizadas, limitaci\u00f3n, portabilidad<\/p><p style=\"text-align: left;\">Plazo de respuesta: 1 mes<\/p><\/td><td width=\"444\"><p style=\"text-align: left;\">Puede ejercer sus derechos a trav\u00e9s del siguiente medio:<\/p><p style=\"text-align: left;\">Email a\u00a0 clinica@dentalvina.es, aportando documentaci\u00f3n que acredite la identidad del solicitante (copia del anverso del Documento Nacional de Identidad, o equivalente)<\/p><p style=\"text-align: left;\">En cualquier caso, puede solicitar la tutela de la Agencia Espa\u00f1ola de Protecci\u00f3n de Datos a trav\u00e9s de su p\u00e1gina web<\/p><\/td><\/tr><\/tbody><\/table>\t\t\t\t\t\t<\/div>\n\t\t\t\t<\/div>\n\t\t\t\t\t<\/div>\n\t\t<\/div>\n\t\t\t\t\t<\/div>\n\t\t<\/section>\n\t\t\t\t<section class=\"elementor-section elementor-top-section elementor-element elementor-element-8df643d elementor-section-full_width elementor-section-height-default elementor-section-height-default\" data-id=\"8df643d\" data-element_type=\"section\" data-settings=\"{&quot;background_background&quot;:&quot;classic&quot;}\">\n\t\t\t\t\t\t\t<div class=\"elementor-background-overlay\"><\/div>\n\t\t\t\t\t\t\t<div class=\"elementor-container elementor-column-gap-default\">\n\t\t\t\t\t<div class=\"elementor-column elementor-col-100 elementor-top-column elementor-element elementor-element-8eab0e5\" data-id=\"8eab0e5\" data-element_type=\"column\">\n\t\t\t<div class=\"elementor-widget-wrap elementor-element-populated\">\n\t\t\t\t\t\t<section class=\"elementor-section elementor-inner-section elementor-element elementor-element-664f6ec elementor-section-boxed elementor-section-height-default elementor-section-height-default\" data-id=\"664f6ec\" data-element_type=\"section\">\n\t\t\t\t\t\t<div class=\"elementor-container elementor-column-gap-default\">\n\t\t\t\t\t<div class=\"elementor-column elementor-col-100 elementor-inner-column elementor-element elementor-element-84565cd\" data-id=\"84565cd\" data-element_type=\"column\">\n\t\t\t<div class=\"elementor-widget-wrap elementor-element-populated\">\n\t\t\t\t\t\t<div class=\"elementor-element elementor-element-1b1aadf elementor-widget elementor-widget-heading\" data-id=\"1b1aadf\" data-element_type=\"widget\" data-widget_type=\"heading.default\">\n\t\t\t\t<div class=\"elementor-widget-container\">\n\t\t\t<h2 class=\"elementor-heading-title elementor-size-default\">PIDE TU CITA<\/h2>\t\t<\/div>\n\t\t\t\t<\/div>\n\t\t\t\t<div class=\"elementor-element elementor-element-0d20ef2 elementor-widget elementor-widget-heading\" data-id=\"0d20ef2\" data-element_type=\"widget\" data-widget_type=\"heading.default\">\n\t\t\t\t<div class=\"elementor-widget-container\">\n\t\t\t<div class=\"elementor-heading-title elementor-size-default\"><h3 style=\"font-size: 24px\">DENTAL <b>VI\u00d1A<\/b> tu cl\u00ednica dental de confianza en Alm\u00e0ssera<\/h3><\/div>\t\t<\/div>\n\t\t\t\t<\/div>\n\t\t\t\t<div class=\"elementor-element elementor-element-a7b2996 elementor-widget elementor-widget-text-editor\" data-id=\"a7b2996\" data-element_type=\"widget\" data-widget_type=\"text-editor.default\">\n\t\t\t\t<div class=\"elementor-widget-container\">\n\t\t\t\t\t\t\t<a class=\"white-btn\" href=\"tel:+34960238259\">LLAMAR 960 238 259<\/a>\t\t\t\t\t\t<\/div>\n\t\t\t\t<\/div>\n\t\t\t\t<div class=\"elementor-element elementor-element-cbfff8c elementor-widget elementor-widget-text-editor\" data-id=\"cbfff8c\" data-element_type=\"widget\" data-widget_type=\"text-editor.default\">\n\t\t\t\t<div class=\"elementor-widget-container\">\n\t\t\t\t\t\t\t<p><a class=\"white-btn\" href=\"https:\/\/wa.me\/+34615218989\">WHATSAPP<\/a><\/p>\t\t\t\t\t\t<\/div>\n\t\t\t\t<\/div>\n\t\t\t\t\t<\/div>\n\t\t<\/div>\n\t\t\t\t\t<\/div>\n\t\t<\/section>\n\t\t\t\t\t<\/div>\n\t\t<\/div>\n\t\t\t\t\t<\/div>\n\t\t<\/section>\n\t\t\t\t<\/div>","protected":false},"excerpt":{"rendered":"<p>Dental Vi\u00f1a le informa en esta p\u00e1gina sobre su Pol\u00edtica de Privacidad respecto del tratamiento y protecci\u00f3n de los datos de car\u00e1cter personal de los usuarios y clientes que puedan ser recabados durante la navegaci\u00f3n, al comprar un producto o contratar un servicio a trav\u00e9s de este sitio Web. En este sentido, Dental Vi\u00f1a, cumple con el Reglamento (UE) 2016\/679&#8230;<\/p>","protected":false},"author":1,"featured_media":1018,"parent":0,"menu_order":0,"comment_status":"closed","ping_status":"closed","template":"my-templates\/template-fullscreen.php","meta":{"_acf_changed":false,"footnotes":""},"class_list":["post-1720","page","type-page","status-publish","has-post-thumbnail","hentry"],"acf":[],"yoast_head":"<!-- This site is optimized with the Yoast SEO plugin v24.4 - https:\/\/yoast.com\/wordpress\/plugins\/seo\/ -->\n<title>POL\u00cdTICA DE PRIVACIDAD - Cl\u00ednica Dental Vi\u00f1a<\/title>\n<meta name=\"robots\" content=\"noindex, follow, max-snippet:-1, max-image-preview:large, max-video-preview:-1\" \/>\n<meta property=\"og:locale\" content=\"en_GB\" \/>\n<meta property=\"og:type\" content=\"article\" \/>\n<meta property=\"og:title\" content=\"POL\u00cdTICA DE PRIVACIDAD - Cl\u00ednica Dental Vi\u00f1a\" \/>\n<meta property=\"og:description\" content=\"Dental Vi\u00f1a le informa en esta p\u00e1gina sobre su Pol\u00edtica de Privacidad respecto del tratamiento y protecci\u00f3n de los datos de car\u00e1cter personal de los usuarios y clientes que puedan ser recabados durante la navegaci\u00f3n, al comprar un producto o contratar un servicio a trav\u00e9s de este sitio Web. En este sentido, Dental Vi\u00f1a, cumple con el Reglamento (UE) 2016\/679...\" \/>\n<meta property=\"og:url\" content=\"https:\/\/dentalvina.es\/en\/politica-de-privacidad\/\" \/>\n<meta property=\"og:site_name\" content=\"Cl\u00ednica Dental Vi\u00f1a\" \/>\n<meta property=\"article:modified_time\" content=\"2025-08-22T10:56:25+00:00\" \/>\n<meta property=\"og:image\" content=\"https:\/\/dentalvina.es\/wp-content\/uploads\/2024\/12\/fondo-dental-vina-almassera-clinica.jpg\" \/>\n\t<meta property=\"og:image:width\" content=\"1920\" \/>\n\t<meta property=\"og:image:height\" content=\"700\" \/>\n\t<meta property=\"og:image:type\" content=\"image\/jpeg\" \/>\n<meta name=\"twitter:card\" content=\"summary_large_image\" \/>\n<meta name=\"twitter:label1\" content=\"Estimated reading time\" \/>\n\t<meta name=\"twitter:data1\" content=\"4 minutes\" \/>\n<script type=\"application\/ld+json\" class=\"yoast-schema-graph\">{\"@context\":\"https:\/\/schema.org\",\"@graph\":[{\"@type\":\"WebPage\",\"@id\":\"https:\/\/dentalvina.es\/politica-de-privacidad\/\",\"url\":\"https:\/\/dentalvina.es\/politica-de-privacidad\/\",\"name\":\"POL\u00cdTICA DE PRIVACIDAD - Cl\u00ednica Dental Vi\u00f1a\",\"isPartOf\":{\"@id\":\"https:\/\/dentalvina.es\/#website\"},\"primaryImageOfPage\":{\"@id\":\"https:\/\/dentalvina.es\/politica-de-privacidad\/#primaryimage\"},\"image\":{\"@id\":\"https:\/\/dentalvina.es\/politica-de-privacidad\/#primaryimage\"},\"thumbnailUrl\":\"https:\/\/dentalvina.es\/wp-content\/uploads\/2024\/12\/fondo-dental-vina-almassera-clinica.jpg\",\"datePublished\":\"2024-12-26T09:19:00+00:00\",\"dateModified\":\"2025-08-22T10:56:25+00:00\",\"breadcrumb\":{\"@id\":\"https:\/\/dentalvina.es\/politica-de-privacidad\/#breadcrumb\"},\"inLanguage\":\"en-GB\",\"potentialAction\":[{\"@type\":\"ReadAction\",\"target\":[\"https:\/\/dentalvina.es\/politica-de-privacidad\/\"]}]},{\"@type\":\"ImageObject\",\"inLanguage\":\"en-GB\",\"@id\":\"https:\/\/dentalvina.es\/politica-de-privacidad\/#primaryimage\",\"url\":\"https:\/\/dentalvina.es\/wp-content\/uploads\/2024\/12\/fondo-dental-vina-almassera-clinica.jpg\",\"contentUrl\":\"https:\/\/dentalvina.es\/wp-content\/uploads\/2024\/12\/fondo-dental-vina-almassera-clinica.jpg\",\"width\":1920,\"height\":700},{\"@type\":\"BreadcrumbList\",\"@id\":\"https:\/\/dentalvina.es\/politica-de-privacidad\/#breadcrumb\",\"itemListElement\":[{\"@type\":\"ListItem\",\"position\":1,\"name\":\"Portada\",\"item\":\"https:\/\/dentalvina.es\/\"},{\"@type\":\"ListItem\",\"position\":2,\"name\":\"POL\u00cdTICA DE PRIVACIDAD\"}]},{\"@type\":\"WebSite\",\"@id\":\"https:\/\/dentalvina.es\/#website\",\"url\":\"https:\/\/dentalvina.es\/\",\"name\":\"Cl\u00ednica Dental Vi\u00f1a\",\"description\":\"Dentista en Alm\u00e0ssera\",\"publisher\":{\"@id\":\"https:\/\/dentalvina.es\/#organization\"},\"potentialAction\":[{\"@type\":\"SearchAction\",\"target\":{\"@type\":\"EntryPoint\",\"urlTemplate\":\"https:\/\/dentalvina.es\/?s={search_term_string}\"},\"query-input\":{\"@type\":\"PropertyValueSpecification\",\"valueRequired\":true,\"valueName\":\"search_term_string\"}}],\"inLanguage\":\"en-GB\"},{\"@type\":\"Organization\",\"@id\":\"https:\/\/dentalvina.es\/#organization\",\"name\":\"Cl\u00ednica Dental Vi\u00f1a\",\"url\":\"https:\/\/dentalvina.es\/\",\"logo\":{\"@type\":\"ImageObject\",\"inLanguage\":\"en-GB\",\"@id\":\"https:\/\/dentalvina.es\/#\/schema\/logo\/image\/\",\"url\":\"https:\/\/dentalvina.es\/wp-content\/uploads\/2025\/01\/logo-dental-vina-250x124-1.jpg\",\"contentUrl\":\"https:\/\/dentalvina.es\/wp-content\/uploads\/2025\/01\/logo-dental-vina-250x124-1.jpg\",\"width\":250,\"height\":124,\"caption\":\"Cl\u00ednica Dental Vi\u00f1a\"},\"image\":{\"@id\":\"https:\/\/dentalvina.es\/#\/schema\/logo\/image\/\"},\"sameAs\":[\"https:\/\/www.instagram.com\/clinicadentalvina\/\"]}]}<\/script>\n<!-- \/ Yoast SEO plugin. -->","yoast_head_json":{"title":"POL\u00cdTICA DE PRIVACIDAD - Cl\u00ednica Dental Vi\u00f1a","robots":{"index":"noindex","follow":"follow","max-snippet":"max-snippet:-1","max-image-preview":"max-image-preview:large","max-video-preview":"max-video-preview:-1"},"og_locale":"en_GB","og_type":"article","og_title":"POL\u00cdTICA DE PRIVACIDAD - Cl\u00ednica Dental Vi\u00f1a","og_description":"Dental Vi\u00f1a le informa en esta p\u00e1gina sobre su Pol\u00edtica de Privacidad respecto del tratamiento y protecci\u00f3n de los datos de car\u00e1cter personal de los usuarios y clientes que puedan ser recabados durante la navegaci\u00f3n, al comprar un producto o contratar un servicio a trav\u00e9s de este sitio Web. En este sentido, Dental Vi\u00f1a, cumple con el Reglamento (UE) 2016\/679...","og_url":"https:\/\/dentalvina.es\/en\/politica-de-privacidad\/","og_site_name":"Cl\u00ednica Dental Vi\u00f1a","article_modified_time":"2025-08-22T10:56:25+00:00","og_image":[{"width":1920,"height":700,"url":"https:\/\/dentalvina.es\/wp-content\/uploads\/2024\/12\/fondo-dental-vina-almassera-clinica.jpg","type":"image\/jpeg"}],"twitter_card":"summary_large_image","twitter_misc":{"Estimated reading time":"4 minutes"},"schema":{"@context":"https:\/\/schema.org","@graph":[{"@type":"WebPage","@id":"https:\/\/dentalvina.es\/politica-de-privacidad\/","url":"https:\/\/dentalvina.es\/politica-de-privacidad\/","name":"POL\u00cdTICA DE PRIVACIDAD - Cl\u00ednica Dental Vi\u00f1a","isPartOf":{"@id":"https:\/\/dentalvina.es\/#website"},"primaryImageOfPage":{"@id":"https:\/\/dentalvina.es\/politica-de-privacidad\/#primaryimage"},"image":{"@id":"https:\/\/dentalvina.es\/politica-de-privacidad\/#primaryimage"},"thumbnailUrl":"https:\/\/dentalvina.es\/wp-content\/uploads\/2024\/12\/fondo-dental-vina-almassera-clinica.jpg","datePublished":"2024-12-26T09:19:00+00:00","dateModified":"2025-08-22T10:56:25+00:00","breadcrumb":{"@id":"https:\/\/dentalvina.es\/politica-de-privacidad\/#breadcrumb"},"inLanguage":"en-GB","potentialAction":[{"@type":"ReadAction","target":["https:\/\/dentalvina.es\/politica-de-privacidad\/"]}]},{"@type":"ImageObject","inLanguage":"en-GB","@id":"https:\/\/dentalvina.es\/politica-de-privacidad\/#primaryimage","url":"https:\/\/dentalvina.es\/wp-content\/uploads\/2024\/12\/fondo-dental-vina-almassera-clinica.jpg","contentUrl":"https:\/\/dentalvina.es\/wp-content\/uploads\/2024\/12\/fondo-dental-vina-almassera-clinica.jpg","width":1920,"height":700},{"@type":"BreadcrumbList","@id":"https:\/\/dentalvina.es\/politica-de-privacidad\/#breadcrumb","itemListElement":[{"@type":"ListItem","position":1,"name":"Portada","item":"https:\/\/dentalvina.es\/"},{"@type":"ListItem","position":2,"name":"POL\u00cdTICA DE PRIVACIDAD"}]},{"@type":"WebSite","@id":"https:\/\/dentalvina.es\/#website","url":"https:\/\/dentalvina.es\/","name":"Cl\u00ednica Dental Vi\u00f1a","description":"Dentista en Alm\u00e0ssera","publisher":{"@id":"https:\/\/dentalvina.es\/#organization"},"potentialAction":[{"@type":"SearchAction","target":{"@type":"EntryPoint","urlTemplate":"https:\/\/dentalvina.es\/?s={search_term_string}"},"query-input":{"@type":"PropertyValueSpecification","valueRequired":true,"valueName":"search_term_string"}}],"inLanguage":"en-GB"},{"@type":"Organization","@id":"https:\/\/dentalvina.es\/#organization","name":"Cl\u00ednica Dental Vi\u00f1a","url":"https:\/\/dentalvina.es\/","logo":{"@type":"ImageObject","inLanguage":"en-GB","@id":"https:\/\/dentalvina.es\/#\/schema\/logo\/image\/","url":"https:\/\/dentalvina.es\/wp-content\/uploads\/2025\/01\/logo-dental-vina-250x124-1.jpg","contentUrl":"https:\/\/dentalvina.es\/wp-content\/uploads\/2025\/01\/logo-dental-vina-250x124-1.jpg","width":250,"height":124,"caption":"Cl\u00ednica Dental Vi\u00f1a"},"image":{"@id":"https:\/\/dentalvina.es\/#\/schema\/logo\/image\/"},"sameAs":["https:\/\/www.instagram.com\/clinicadentalvina\/"]}]}},"_links":{"self":[{"href":"https:\/\/dentalvina.es\/en\/wp-json\/wp\/v2\/pages\/1720","targetHints":{"allow":["GET"]}}],"collection":[{"href":"https:\/\/dentalvina.es\/en\/wp-json\/wp\/v2\/pages"}],"about":[{"href":"https:\/\/dentalvina.es\/en\/wp-json\/wp\/v2\/types\/page"}],"author":[{"embeddable":true,"href":"https:\/\/dentalvina.es\/en\/wp-json\/wp\/v2\/users\/1"}],"replies":[{"embeddable":true,"href":"https:\/\/dentalvina.es\/en\/wp-json\/wp\/v2\/comments?post=1720"}],"version-history":[{"count":31,"href":"https:\/\/dentalvina.es\/en\/wp-json\/wp\/v2\/pages\/1720\/revisions"}],"predecessor-version":[{"id":3070,"href":"https:\/\/dentalvina.es\/en\/wp-json\/wp\/v2\/pages\/1720\/revisions\/3070"}],"wp:featuredmedia":[{"embeddable":true,"href":"https:\/\/dentalvina.es\/en\/wp-json\/wp\/v2\/media\/1018"}],"wp:attachment":[{"href":"https:\/\/dentalvina.es\/en\/wp-json\/wp\/v2\/media?parent=1720"}],"curies":[{"name":"wp","href":"https:\/\/api.w.org\/{rel}","templated":true}]}}