{"id":946,"date":"2024-12-12T10:47:08","date_gmt":"2024-12-12T09:47:08","guid":{"rendered":"https:\/\/dentalvinaweb.grupoicsolutions.com\/?page_id=946"},"modified":"2025-08-21T14:49:11","modified_gmt":"2025-08-21T12:49:11","slug":"quienes-somos","status":"publish","type":"page","link":"https:\/\/dentalvina.es\/en\/quienes-somos\/","title":{"rendered":"QUIENES SOMOS"},"content":{"rendered":"<div data-elementor-type=\"wp-post\" data-elementor-id=\"946\" class=\"elementor elementor-946\">\n\t\t\t\t\t\t<section class=\"elementor-section elementor-top-section elementor-element elementor-element-2d98a0b elementor-section-content-middle elementor-section-boxed elementor-section-height-default elementor-section-height-default\" data-id=\"2d98a0b\" data-element_type=\"section\">\n\t\t\t\t\t\t<div class=\"elementor-container elementor-column-gap-default\">\n\t\t\t\t\t<div class=\"elementor-column elementor-col-100 elementor-top-column elementor-element elementor-element-eff204e\" data-id=\"eff204e\" data-element_type=\"column\">\n\t\t\t<div class=\"elementor-widget-wrap elementor-element-populated\">\n\t\t\t\t\t\t<div class=\"elementor-element elementor-element-aa12c2c elementor-widget elementor-widget-text-editor\" data-id=\"aa12c2c\" data-element_type=\"widget\" data-widget_type=\"text-editor.default\">\n\t\t\t\t<div class=\"elementor-widget-container\">\n\t\t\t\t\t\t\t<h5>DENTAL <b>VI\u00d1A<\/b> tu cl\u00ednica dental de confianza en Alm\u00e0ssera.<\/h5>\t\t\t\t\t\t<\/div>\n\t\t\t\t<\/div>\n\t\t\t\t<div class=\"elementor-element elementor-element-864bed5 elementor-widget elementor-widget-image\" data-id=\"864bed5\" data-element_type=\"widget\" data-widget_type=\"image.default\">\n\t\t\t\t<div class=\"elementor-widget-container\">\n\t\t\t\t\t\t\t\t\t\t\t\t\t<img fetchpriority=\"high\" decoding=\"async\" width=\"1920\" height=\"700\" src=\"https:\/\/dentalvina.es\/wp-content\/uploads\/2025\/01\/equipo-dentalvina-slider.jpg\" class=\"attachment-full size-full wp-image-2328\" alt=\"\" srcset=\"https:\/\/dentalvina.es\/wp-content\/uploads\/2025\/01\/equipo-dentalvina-slider.jpg 1920w, https:\/\/dentalvina.es\/wp-content\/uploads\/2025\/01\/equipo-dentalvina-slider-300x109.jpg 300w, https:\/\/dentalvina.es\/wp-content\/uploads\/2025\/01\/equipo-dentalvina-slider-1024x373.jpg 1024w, https:\/\/dentalvina.es\/wp-content\/uploads\/2025\/01\/equipo-dentalvina-slider-768x280.jpg 768w, https:\/\/dentalvina.es\/wp-content\/uploads\/2025\/01\/equipo-dentalvina-slider-1536x560.jpg 1536w\" sizes=\"(max-width: 1920px) 100vw, 1920px\" \/>\t\t\t\t\t\t\t\t\t\t\t\t\t<\/div>\n\t\t\t\t<\/div>\n\t\t\t\t<div class=\"elementor-element elementor-element-ede4972 elementor-widget elementor-widget-text-editor\" data-id=\"ede4972\" data-element_type=\"widget\" data-widget_type=\"text-editor.default\">\n\t\t\t\t<div class=\"elementor-widget-container\">\n\t\t\t\t\t\t\tLa Cl\u00ednica DENTAL <b>VI\u00d1A<\/b> est\u00e1 compuesta por <b>profesionales especializados<\/b> en distintas \u00e1reas de la odontolog\u00eda para ofrecer al paciente el mejor tratamiento posible.\t\t\t\t\t\t<\/div>\n\t\t\t\t<\/div>\n\t\t\t\t\t<\/div>\n\t\t<\/div>\n\t\t\t\t\t<\/div>\n\t\t<\/section>\n\t\t\t\t<section class=\"elementor-section elementor-top-section elementor-element elementor-element-7862681 elementor-section-content-middle elementor-section-boxed elementor-section-height-default elementor-section-height-default\" data-id=\"7862681\" data-element_type=\"section\">\n\t\t\t\t\t\t<div class=\"elementor-container elementor-column-gap-default\">\n\t\t\t\t\t<div class=\"elementor-column elementor-col-50 elementor-top-column elementor-element elementor-element-8697644\" data-id=\"8697644\" data-element_type=\"column\">\n\t\t\t<div class=\"elementor-widget-wrap elementor-element-populated\">\n\t\t\t\t\t\t<div class=\"elementor-element elementor-element-6a0babe elementor-widget elementor-widget-text-editor\" data-id=\"6a0babe\" data-element_type=\"widget\" data-widget_type=\"text-editor.default\">\n\t\t\t\t<div class=\"elementor-widget-container\">\n\t\t\t\t\t\t\t<p>Llevo <strong>casi 2 decadas realizando mi especialidad, la cirug\u00eda bucal e implantolog\u00eda<\/strong>, en diversas clinicas de la provincia de Valencia.<\/p><p>Hace unos a\u00f1os decid\u00ed abrir mi propia cl\u00ednica y quise ponerle de nombre DENTAL <strong>VI\u00d1A<\/strong>.<\/p><p>Los motivos de este detalle, que son m\u00e1s importantes de lo que aparentan a primera vista fueron: que <strong>el trato que quiero ofrecer a los pacientes sea personal y cercano<\/strong>, de ah\u00ed poner mi apellido VI\u00d1A; y por otra parte porque aqu\u00ed en Alm\u00e0ssera naci\u00f3 mi familia paterna, y <strong>mi querido abuelo Jos\u00e9 Vi\u00f1a era el m\u00e9dico del pueblo<\/strong>.<\/p>\t\t\t\t\t\t<\/div>\n\t\t\t\t<\/div>\n\t\t\t\t\t<\/div>\n\t\t<\/div>\n\t\t\t\t<div class=\"elementor-column elementor-col-50 elementor-top-column elementor-element elementor-element-cd1c63f\" data-id=\"cd1c63f\" data-element_type=\"column\">\n\t\t\t<div class=\"elementor-widget-wrap elementor-element-populated\">\n\t\t\t\t\t\t<div class=\"elementor-element elementor-element-b465909 elementor-widget__width-initial elementor-widget elementor-widget-image\" data-id=\"b465909\" data-element_type=\"widget\" data-widget_type=\"image.default\">\n\t\t\t\t<div class=\"elementor-widget-container\">\n\t\t\t\t\t\t\t\t\t\t\t\t\t<img decoding=\"async\" width=\"1000\" height=\"854\" src=\"https:\/\/dentalvina.es\/wp-content\/uploads\/2025\/02\/quienes-somos-cuadro-dental-vina.jpg\" class=\"attachment-large size-large wp-image-2835\" alt=\"\" srcset=\"https:\/\/dentalvina.es\/wp-content\/uploads\/2025\/02\/quienes-somos-cuadro-dental-vina.jpg 1000w, https:\/\/dentalvina.es\/wp-content\/uploads\/2025\/02\/quienes-somos-cuadro-dental-vina-300x256.jpg 300w, https:\/\/dentalvina.es\/wp-content\/uploads\/2025\/02\/quienes-somos-cuadro-dental-vina-768x656.jpg 768w, https:\/\/dentalvina.es\/wp-content\/uploads\/2025\/02\/quienes-somos-cuadro-dental-vina-14x12.jpg 14w\" sizes=\"(max-width: 1000px) 100vw, 1000px\" \/>\t\t\t\t\t\t\t\t\t\t\t\t\t<\/div>\n\t\t\t\t<\/div>\n\t\t\t\t\t<\/div>\n\t\t<\/div>\n\t\t\t\t\t<\/div>\n\t\t<\/section>\n\t\t\t\t<section class=\"elementor-section elementor-top-section elementor-element elementor-element-c320f76 elementor-section-content-middle elementor-section-boxed elementor-section-height-default elementor-section-height-default\" data-id=\"c320f76\" data-element_type=\"section\">\n\t\t\t\t\t\t<div class=\"elementor-container elementor-column-gap-default\">\n\t\t\t\t\t<div class=\"elementor-column elementor-col-50 elementor-top-column elementor-element elementor-element-ee6b1fa\" data-id=\"ee6b1fa\" data-element_type=\"column\">\n\t\t\t<div class=\"elementor-widget-wrap elementor-element-populated\">\n\t\t\t\t\t\t<div class=\"elementor-element elementor-element-4d5f08c elementor-widget__width-initial elementor-widget elementor-widget-image\" data-id=\"4d5f08c\" data-element_type=\"widget\" data-widget_type=\"image.default\">\n\t\t\t\t<div class=\"elementor-widget-container\">\n\t\t\t\t\t\t\t\t\t\t\t\t\t<img decoding=\"async\" width=\"896\" height=\"1024\" src=\"https:\/\/dentalvina.es\/wp-content\/uploads\/2025\/02\/cliente-clinica-vina-896x1024.jpg\" class=\"attachment-large size-large wp-image-2732\" alt=\"dental Vi\u00f1a\" srcset=\"https:\/\/dentalvina.es\/wp-content\/uploads\/2025\/02\/cliente-clinica-vina-896x1024.jpg 896w, https:\/\/dentalvina.es\/wp-content\/uploads\/2025\/02\/cliente-clinica-vina-262x300.jpg 262w, https:\/\/dentalvina.es\/wp-content\/uploads\/2025\/02\/cliente-clinica-vina-768x878.jpg 768w, https:\/\/dentalvina.es\/wp-content\/uploads\/2025\/02\/cliente-clinica-vina.jpg 900w\" sizes=\"(max-width: 896px) 100vw, 896px\" \/>\t\t\t\t\t\t\t\t\t\t\t\t\t<\/div>\n\t\t\t\t<\/div>\n\t\t\t\t\t<\/div>\n\t\t<\/div>\n\t\t\t\t<div class=\"elementor-column elementor-col-50 elementor-top-column elementor-element elementor-element-facbfcb\" data-id=\"facbfcb\" data-element_type=\"column\">\n\t\t\t<div class=\"elementor-widget-wrap elementor-element-populated\">\n\t\t\t\t\t\t<div class=\"elementor-element elementor-element-3a217d1 elementor-widget elementor-widget-text-editor\" data-id=\"3a217d1\" data-element_type=\"widget\" data-widget_type=\"text-editor.default\">\n\t\t\t\t<div class=\"elementor-widget-container\">\n\t\t\t\t\t\t\t<p><strong>Todos los profesionales que trabajamos en la cl\u00ednica se han formado mediante M\u00e1sters de especializaci\u00f3n universitaria<\/strong>, que es la metodolog\u00eda actual para adquirir conocimientos especializados en distintos campos de la odontolog\u00eda, como la implantolog\u00eda, la ortodoncia o la endodoncia.<\/p><p>Creemos que <strong>el mejor tratamiento se realiza no solo conociendo las mejores t\u00e9cnicas, sino con cercan\u00eda y honradez<\/strong>. Cuando un paciente se pone en nuestras manos, nos comprometemos con esa persona, y <strong>nuestro objetivo es que ese paciente quede satisfecho<\/strong>.<\/p>\t\t\t\t\t\t<\/div>\n\t\t\t\t<\/div>\n\t\t\t\t<div class=\"elementor-element elementor-element-f20e526 elementor-widget elementor-widget-text-editor\" data-id=\"f20e526\" data-element_type=\"widget\" data-widget_type=\"text-editor.default\">\n\t\t\t\t<div class=\"elementor-widget-container\">\n\t\t\t\t\t\t\t<p><span style=\"color: #000000;\"><a class=\"view-more\" style=\"color: #000000;\" href=\"\/en\/profesionales\/\">cONOCE A NUESTRO EQUIPO<\/a><\/span><\/p>\t\t\t\t\t\t<\/div>\n\t\t\t\t<\/div>\n\t\t\t\t\t<\/div>\n\t\t<\/div>\n\t\t\t\t\t<\/div>\n\t\t<\/section>\n\t\t\t\t<section class=\"elementor-section elementor-top-section elementor-element elementor-element-91d3c47 elementor-section-full_width elementor-section-height-default elementor-section-height-default\" data-id=\"91d3c47\" data-element_type=\"section\" data-settings=\"{&quot;background_background&quot;:&quot;classic&quot;}\">\n\t\t\t\t\t\t\t<div class=\"elementor-background-overlay\"><\/div>\n\t\t\t\t\t\t\t<div class=\"elementor-container elementor-column-gap-default\">\n\t\t\t\t\t<div class=\"elementor-column elementor-col-100 elementor-top-column elementor-element elementor-element-8540c8b\" data-id=\"8540c8b\" data-element_type=\"column\">\n\t\t\t<div class=\"elementor-widget-wrap elementor-element-populated\">\n\t\t\t\t\t\t<section class=\"elementor-section elementor-inner-section elementor-element elementor-element-f88cfbd elementor-section-boxed elementor-section-height-default elementor-section-height-default\" data-id=\"f88cfbd\" data-element_type=\"section\">\n\t\t\t\t\t\t<div class=\"elementor-container elementor-column-gap-default\">\n\t\t\t\t\t<div class=\"elementor-column elementor-col-100 elementor-inner-column elementor-element elementor-element-dd34dd4\" data-id=\"dd34dd4\" data-element_type=\"column\">\n\t\t\t<div class=\"elementor-widget-wrap elementor-element-populated\">\n\t\t\t\t\t\t<div class=\"elementor-element elementor-element-5ca31ef elementor-widget elementor-widget-heading\" data-id=\"5ca31ef\" data-element_type=\"widget\" data-widget_type=\"heading.default\">\n\t\t\t\t<div class=\"elementor-widget-container\">\n\t\t\t<h2 class=\"elementor-heading-title elementor-size-default\">PIDE TU CITA<\/h2>\t\t<\/div>\n\t\t\t\t<\/div>\n\t\t\t\t<div class=\"elementor-element elementor-element-079fc10 elementor-widget elementor-widget-heading\" data-id=\"079fc10\" data-element_type=\"widget\" data-widget_type=\"heading.default\">\n\t\t\t\t<div class=\"elementor-widget-container\">\n\t\t\t<div class=\"elementor-heading-title elementor-size-default\"><h3 style=\"font-size: 24px\">DENTAL <b>VI\u00d1A<\/b> tu cl\u00ednica dental de confianza en Alm\u00e0ssera<\/h3><\/div>\t\t<\/div>\n\t\t\t\t<\/div>\n\t\t\t\t<div class=\"elementor-element elementor-element-3deb7ac elementor-widget elementor-widget-text-editor\" data-id=\"3deb7ac\" data-element_type=\"widget\" data-widget_type=\"text-editor.default\">\n\t\t\t\t<div class=\"elementor-widget-container\">\n\t\t\t\t\t\t\t<a class=\"white-btn\" href=\"tel:+34960238259\">LLAMAR 960 238 259<\/a>\t\t\t\t\t\t<\/div>\n\t\t\t\t<\/div>\n\t\t\t\t<div class=\"elementor-element elementor-element-19b7fe4 elementor-widget elementor-widget-text-editor\" data-id=\"19b7fe4\" data-element_type=\"widget\" data-widget_type=\"text-editor.default\">\n\t\t\t\t<div class=\"elementor-widget-container\">\n\t\t\t\t\t\t\t<p><a class=\"white-btn\" href=\"https:\/\/wa.me\/+34615218989\">WHATSAPP<\/a><\/p>\t\t\t\t\t\t<\/div>\n\t\t\t\t<\/div>\n\t\t\t\t\t<\/div>\n\t\t<\/div>\n\t\t\t\t\t<\/div>\n\t\t<\/section>\n\t\t\t\t\t<\/div>\n\t\t<\/div>\n\t\t\t\t\t<\/div>\n\t\t<\/section>\n\t\t\t\t<\/div>","protected":false},"excerpt":{"rendered":"<p>DENTAL VI\u00d1A tu cl\u00ednica dental de confianza en Alm\u00e0ssera. La Cl\u00ednica DENTAL VI\u00d1A est\u00e1 compuesta por profesionales especializados en distintas \u00e1reas de la odontolog\u00eda para ofrecer al paciente el mejor tratamiento posible. Llevo casi 2 decadas realizando mi especialidad, la cirug\u00eda bucal e implantolog\u00eda, en diversas clinicas de la provincia de Valencia. Hace unos a\u00f1os decid\u00ed abrir mi propia cl\u00ednica&#8230;<\/p>","protected":false},"author":1,"featured_media":1018,"parent":0,"menu_order":0,"comment_status":"closed","ping_status":"closed","template":"my-templates\/template-fullscreen.php","meta":{"_acf_changed":false,"footnotes":""},"class_list":["post-946","page","type-page","status-publish","has-post-thumbnail","hentry"],"acf":[],"yoast_head":"<!-- This site is optimized with the Yoast SEO plugin v24.4 - https:\/\/yoast.com\/wordpress\/plugins\/seo\/ -->\n<title>QUIENES SOMOS - Cl\u00ednica Dental Vi\u00f1a<\/title>\n<meta name=\"robots\" content=\"noindex, follow, max-snippet:-1, max-image-preview:large, max-video-preview:-1\" \/>\n<meta property=\"og:locale\" content=\"en_GB\" \/>\n<meta property=\"og:type\" content=\"article\" \/>\n<meta property=\"og:title\" content=\"QUIENES SOMOS - Cl\u00ednica Dental Vi\u00f1a\" \/>\n<meta property=\"og:description\" content=\"DENTAL VI\u00d1A tu cl\u00ednica dental de confianza en Alm\u00e0ssera. La Cl\u00ednica DENTAL VI\u00d1A est\u00e1 compuesta por profesionales especializados en distintas \u00e1reas de la odontolog\u00eda para ofrecer al paciente el mejor tratamiento posible. Llevo casi 2 decadas realizando mi especialidad, la cirug\u00eda bucal e implantolog\u00eda, en diversas clinicas de la provincia de Valencia. Hace unos a\u00f1os decid\u00ed abrir mi propia cl\u00ednica...\" \/>\n<meta property=\"og:url\" content=\"https:\/\/dentalvina.es\/en\/quienes-somos\/\" \/>\n<meta property=\"og:site_name\" content=\"Cl\u00ednica Dental Vi\u00f1a\" \/>\n<meta property=\"article:modified_time\" content=\"2025-08-21T12:49:11+00:00\" \/>\n<meta property=\"og:image\" content=\"https:\/\/dentalvina.es\/wp-content\/uploads\/2024\/12\/fondo-dental-vina-almassera-clinica.jpg\" \/>\n\t<meta property=\"og:image:width\" content=\"1920\" \/>\n\t<meta property=\"og:image:height\" content=\"700\" \/>\n\t<meta property=\"og:image:type\" content=\"image\/jpeg\" \/>\n<meta name=\"twitter:card\" content=\"summary_large_image\" \/>\n<meta name=\"twitter:label1\" content=\"Estimated reading time\" \/>\n\t<meta name=\"twitter:data1\" content=\"2 minutes\" \/>\n<script type=\"application\/ld+json\" class=\"yoast-schema-graph\">{\"@context\":\"https:\/\/schema.org\",\"@graph\":[{\"@type\":\"WebPage\",\"@id\":\"https:\/\/dentalvina.es\/quienes-somos\/\",\"url\":\"https:\/\/dentalvina.es\/quienes-somos\/\",\"name\":\"QUIENES SOMOS - Cl\u00ednica Dental Vi\u00f1a\",\"isPartOf\":{\"@id\":\"https:\/\/dentalvina.es\/#website\"},\"primaryImageOfPage\":{\"@id\":\"https:\/\/dentalvina.es\/quienes-somos\/#primaryimage\"},\"image\":{\"@id\":\"https:\/\/dentalvina.es\/quienes-somos\/#primaryimage\"},\"thumbnailUrl\":\"https:\/\/dentalvina.es\/wp-content\/uploads\/2024\/12\/fondo-dental-vina-almassera-clinica.jpg\",\"datePublished\":\"2024-12-12T09:47:08+00:00\",\"dateModified\":\"2025-08-21T12:49:11+00:00\",\"breadcrumb\":{\"@id\":\"https:\/\/dentalvina.es\/quienes-somos\/#breadcrumb\"},\"inLanguage\":\"en-GB\",\"potentialAction\":[{\"@type\":\"ReadAction\",\"target\":[\"https:\/\/dentalvina.es\/quienes-somos\/\"]}]},{\"@type\":\"ImageObject\",\"inLanguage\":\"en-GB\",\"@id\":\"https:\/\/dentalvina.es\/quienes-somos\/#primaryimage\",\"url\":\"https:\/\/dentalvina.es\/wp-content\/uploads\/2024\/12\/fondo-dental-vina-almassera-clinica.jpg\",\"contentUrl\":\"https:\/\/dentalvina.es\/wp-content\/uploads\/2024\/12\/fondo-dental-vina-almassera-clinica.jpg\",\"width\":1920,\"height\":700},{\"@type\":\"BreadcrumbList\",\"@id\":\"https:\/\/dentalvina.es\/quienes-somos\/#breadcrumb\",\"itemListElement\":[{\"@type\":\"ListItem\",\"position\":1,\"name\":\"Portada\",\"item\":\"https:\/\/dentalvina.es\/\"},{\"@type\":\"ListItem\",\"position\":2,\"name\":\"QUIENES SOMOS\"}]},{\"@type\":\"WebSite\",\"@id\":\"https:\/\/dentalvina.es\/#website\",\"url\":\"https:\/\/dentalvina.es\/\",\"name\":\"Cl\u00ednica Dental Vi\u00f1a\",\"description\":\"Dentista en Alm\u00e0ssera\",\"publisher\":{\"@id\":\"https:\/\/dentalvina.es\/#organization\"},\"potentialAction\":[{\"@type\":\"SearchAction\",\"target\":{\"@type\":\"EntryPoint\",\"urlTemplate\":\"https:\/\/dentalvina.es\/?s={search_term_string}\"},\"query-input\":{\"@type\":\"PropertyValueSpecification\",\"valueRequired\":true,\"valueName\":\"search_term_string\"}}],\"inLanguage\":\"en-GB\"},{\"@type\":\"Organization\",\"@id\":\"https:\/\/dentalvina.es\/#organization\",\"name\":\"Cl\u00ednica Dental Vi\u00f1a\",\"url\":\"https:\/\/dentalvina.es\/\",\"logo\":{\"@type\":\"ImageObject\",\"inLanguage\":\"en-GB\",\"@id\":\"https:\/\/dentalvina.es\/#\/schema\/logo\/image\/\",\"url\":\"https:\/\/dentalvina.es\/wp-content\/uploads\/2025\/01\/logo-dental-vina-250x124-1.jpg\",\"contentUrl\":\"https:\/\/dentalvina.es\/wp-content\/uploads\/2025\/01\/logo-dental-vina-250x124-1.jpg\",\"width\":250,\"height\":124,\"caption\":\"Cl\u00ednica Dental Vi\u00f1a\"},\"image\":{\"@id\":\"https:\/\/dentalvina.es\/#\/schema\/logo\/image\/\"},\"sameAs\":[\"https:\/\/www.instagram.com\/clinicadentalvina\/\"]}]}<\/script>\n<!-- \/ Yoast SEO plugin. -->","yoast_head_json":{"title":"QUIENES SOMOS - Cl\u00ednica Dental Vi\u00f1a","robots":{"index":"noindex","follow":"follow","max-snippet":"max-snippet:-1","max-image-preview":"max-image-preview:large","max-video-preview":"max-video-preview:-1"},"og_locale":"en_GB","og_type":"article","og_title":"QUIENES SOMOS - Cl\u00ednica Dental Vi\u00f1a","og_description":"DENTAL VI\u00d1A tu cl\u00ednica dental de confianza en Alm\u00e0ssera. La Cl\u00ednica DENTAL VI\u00d1A est\u00e1 compuesta por profesionales especializados en distintas \u00e1reas de la odontolog\u00eda para ofrecer al paciente el mejor tratamiento posible. Llevo casi 2 decadas realizando mi especialidad, la cirug\u00eda bucal e implantolog\u00eda, en diversas clinicas de la provincia de Valencia. Hace unos a\u00f1os decid\u00ed abrir mi propia cl\u00ednica...","og_url":"https:\/\/dentalvina.es\/en\/quienes-somos\/","og_site_name":"Cl\u00ednica Dental Vi\u00f1a","article_modified_time":"2025-08-21T12:49:11+00:00","og_image":[{"width":1920,"height":700,"url":"https:\/\/dentalvina.es\/wp-content\/uploads\/2024\/12\/fondo-dental-vina-almassera-clinica.jpg","type":"image\/jpeg"}],"twitter_card":"summary_large_image","twitter_misc":{"Estimated reading time":"2 minutes"},"schema":{"@context":"https:\/\/schema.org","@graph":[{"@type":"WebPage","@id":"https:\/\/dentalvina.es\/quienes-somos\/","url":"https:\/\/dentalvina.es\/quienes-somos\/","name":"QUIENES SOMOS - Cl\u00ednica Dental Vi\u00f1a","isPartOf":{"@id":"https:\/\/dentalvina.es\/#website"},"primaryImageOfPage":{"@id":"https:\/\/dentalvina.es\/quienes-somos\/#primaryimage"},"image":{"@id":"https:\/\/dentalvina.es\/quienes-somos\/#primaryimage"},"thumbnailUrl":"https:\/\/dentalvina.es\/wp-content\/uploads\/2024\/12\/fondo-dental-vina-almassera-clinica.jpg","datePublished":"2024-12-12T09:47:08+00:00","dateModified":"2025-08-21T12:49:11+00:00","breadcrumb":{"@id":"https:\/\/dentalvina.es\/quienes-somos\/#breadcrumb"},"inLanguage":"en-GB","potentialAction":[{"@type":"ReadAction","target":["https:\/\/dentalvina.es\/quienes-somos\/"]}]},{"@type":"ImageObject","inLanguage":"en-GB","@id":"https:\/\/dentalvina.es\/quienes-somos\/#primaryimage","url":"https:\/\/dentalvina.es\/wp-content\/uploads\/2024\/12\/fondo-dental-vina-almassera-clinica.jpg","contentUrl":"https:\/\/dentalvina.es\/wp-content\/uploads\/2024\/12\/fondo-dental-vina-almassera-clinica.jpg","width":1920,"height":700},{"@type":"BreadcrumbList","@id":"https:\/\/dentalvina.es\/quienes-somos\/#breadcrumb","itemListElement":[{"@type":"ListItem","position":1,"name":"Portada","item":"https:\/\/dentalvina.es\/"},{"@type":"ListItem","position":2,"name":"QUIENES SOMOS"}]},{"@type":"WebSite","@id":"https:\/\/dentalvina.es\/#website","url":"https:\/\/dentalvina.es\/","name":"Cl\u00ednica Dental Vi\u00f1a","description":"Dentista en Alm\u00e0ssera","publisher":{"@id":"https:\/\/dentalvina.es\/#organization"},"potentialAction":[{"@type":"SearchAction","target":{"@type":"EntryPoint","urlTemplate":"https:\/\/dentalvina.es\/?s={search_term_string}"},"query-input":{"@type":"PropertyValueSpecification","valueRequired":true,"valueName":"search_term_string"}}],"inLanguage":"en-GB"},{"@type":"Organization","@id":"https:\/\/dentalvina.es\/#organization","name":"Cl\u00ednica Dental Vi\u00f1a","url":"https:\/\/dentalvina.es\/","logo":{"@type":"ImageObject","inLanguage":"en-GB","@id":"https:\/\/dentalvina.es\/#\/schema\/logo\/image\/","url":"https:\/\/dentalvina.es\/wp-content\/uploads\/2025\/01\/logo-dental-vina-250x124-1.jpg","contentUrl":"https:\/\/dentalvina.es\/wp-content\/uploads\/2025\/01\/logo-dental-vina-250x124-1.jpg","width":250,"height":124,"caption":"Cl\u00ednica Dental Vi\u00f1a"},"image":{"@id":"https:\/\/dentalvina.es\/#\/schema\/logo\/image\/"},"sameAs":["https:\/\/www.instagram.com\/clinicadentalvina\/"]}]}},"_links":{"self":[{"href":"https:\/\/dentalvina.es\/en\/wp-json\/wp\/v2\/pages\/946","targetHints":{"allow":["GET"]}}],"collection":[{"href":"https:\/\/dentalvina.es\/en\/wp-json\/wp\/v2\/pages"}],"about":[{"href":"https:\/\/dentalvina.es\/en\/wp-json\/wp\/v2\/types\/page"}],"author":[{"embeddable":true,"href":"https:\/\/dentalvina.es\/en\/wp-json\/wp\/v2\/users\/1"}],"replies":[{"embeddable":true,"href":"https:\/\/dentalvina.es\/en\/wp-json\/wp\/v2\/comments?post=946"}],"version-history":[{"count":126,"href":"https:\/\/dentalvina.es\/en\/wp-json\/wp\/v2\/pages\/946\/revisions"}],"predecessor-version":[{"id":3002,"href":"https:\/\/dentalvina.es\/en\/wp-json\/wp\/v2\/pages\/946\/revisions\/3002"}],"wp:featuredmedia":[{"embeddable":true,"href":"https:\/\/dentalvina.es\/en\/wp-json\/wp\/v2\/media\/1018"}],"wp:attachment":[{"href":"https:\/\/dentalvina.es\/en\/wp-json\/wp\/v2\/media?parent=946"}],"curies":[{"name":"wp","href":"https:\/\/api.w.org\/{rel}","templated":true}]}}